{"id":3637,"date":"2025-02-11T13:10:00","date_gmt":"2025-02-11T13:10:00","guid":{"rendered":"https:\/\/atakama.es\/hosteleria\/?post_type=product&#038;p=3637"},"modified":"2025-02-17T12:20:37","modified_gmt":"2025-02-17T12:20:37","slug":"tpv-citaq-h10","status":"publish","type":"product","link":"https:\/\/atakama.es\/hosteleria\/producto\/tpv-citaq-h10\/","title":{"rendered":"TPV Citaq H10"},"content":{"rendered":"<p>[et_pb_section fb_built=\u00bb1&#8243; disabled_on=\u00bbon|on|off\u00bb _builder_version=\u00bb4.27.4&#8243; custom_padding=\u00bb0px||||false|false\u00bb global_colors_info=\u00bb{}\u00bb][et_pb_row _builder_version=\u00bb4.16&#8243; background_size=\u00bbinitial\u00bb background_position=\u00bbtop_left\u00bb background_repeat=\u00bbrepeat\u00bb width=\u00bb100%\u00bb custom_padding=\u00bb0px||0px||false|false\u00bb global_colors_info=\u00bb{}\u00bb][et_pb_column type=\u00bb4_4&#8243; _builder_version=\u00bb4.16&#8243; custom_padding=\u00bb|||\u00bb global_colors_info=\u00bb{}\u00bb custom_padding__hover=\u00bb|||\u00bb][et_pb_wc_cart_notice _builder_version=\u00bb4.16&#8243; global_colors_info=\u00bb{}\u00bb][\/et_pb_wc_cart_notice][\/et_pb_column][\/et_pb_row][et_pb_row column_structure=\u00bb1_2,1_2&#8243; _builder_version=\u00bb4.16&#8243; background_size=\u00bbinitial\u00bb background_position=\u00bbtop_left\u00bb background_repeat=\u00bbrepeat\u00bb width=\u00bb100%\u00bb custom_padding=\u00bb0px||||false|false\u00bb global_colors_info=\u00bb{}\u00bb][et_pb_column type=\u00bb1_2&#8243; _builder_version=\u00bb4.16&#8243; custom_padding=\u00bb|||\u00bb global_colors_info=\u00bb{}\u00bb custom_padding__hover=\u00bb|||\u00bb][et_pb_wc_images product=\u00bb3637&#8243; _builder_version=\u00bb4.27.4&#8243; global_colors_info=\u00bb{}\u00bb][\/et_pb_wc_images][\/et_pb_column][et_pb_column type=\u00bb1_2&#8243; _builder_version=\u00bb4.16&#8243; custom_padding=\u00bb|||\u00bb global_colors_info=\u00bb{}\u00bb custom_padding__hover=\u00bb|||\u00bb][et_pb_wc_title _builder_version=\u00bb4.16&#8243; global_colors_info=\u00bb{}\u00bb][\/et_pb_wc_title][et_pb_wc_price _builder_version=\u00bb4.16&#8243; global_colors_info=\u00bb{}\u00bb][\/et_pb_wc_price][et_pb_wc_description _builder_version=\u00bb4.16&#8243; global_colors_info=\u00bb{}\u00bb][\/et_pb_wc_description][et_pb_wc_add_to_cart _builder_version=\u00bb4.27.4&#8243; custom_button=\u00bbon\u00bb button_text_size=\u00bb26px\u00bb button_text_color=\u00bb#F68806&#8243; global_colors_info=\u00bb{}\u00bb][\/et_pb_wc_add_to_cart][\/et_pb_column][\/et_pb_row][et_pb_row _builder_version=\u00bb4.16&#8243; background_size=\u00bbinitial\u00bb background_position=\u00bbtop_left\u00bb background_repeat=\u00bbrepeat\u00bb width=\u00bb100%\u00bb global_colors_info=\u00bb{}\u00bb][et_pb_column type=\u00bb4_4&#8243; _builder_version=\u00bb4.16&#8243; custom_padding=\u00bb|||\u00bb global_colors_info=\u00bb{}\u00bb custom_padding__hover=\u00bb|||\u00bb][et_pb_wc_tabs _builder_version=\u00bb4.27.4&#8243; hover_enabled=\u00bb0&#8243; global_colors_info=\u00bb{}\u00bb include_tabs=\u00bbdescription|additional_information|\u00bb sticky_enabled=\u00bb0&#8243;]\t\t\t\t\t[\/et_pb_wc_tabs][\/et_pb_column][\/et_pb_row][\/et_pb_section][et_pb_section fb_built=\u00bb1&#8243; disabled_on=\u00bboff|off|on\u00bb _builder_version=\u00bb4.27.4&#8243; custom_padding=\u00bb0px||0px||false|false\u00bb global_colors_info=\u00bb{}\u00bb][et_pb_row _builder_version=\u00bb4.16&#8243; background_size=\u00bbinitial\u00bb background_position=\u00bbtop_left\u00bb background_repeat=\u00bbrepeat\u00bb width=\u00bb100%\u00bb custom_padding=\u00bb0px||0px||false|false\u00bb global_colors_info=\u00bb{}\u00bb][et_pb_column type=\u00bb4_4&#8243; _builder_version=\u00bb4.16&#8243; custom_padding=\u00bb|||\u00bb global_colors_info=\u00bb{}\u00bb custom_padding__hover=\u00bb|||\u00bb][et_pb_wc_breadcrumb _builder_version=\u00bb4.16&#8243; global_colors_info=\u00bb{}\u00bb][\/et_pb_wc_breadcrumb][et_pb_wc_cart_notice _builder_version=\u00bb4.16&#8243; global_colors_info=\u00bb{}\u00bb][\/et_pb_wc_cart_notice][\/et_pb_column][\/et_pb_row][et_pb_row column_structure=\u00bb1_2,1_2&#8243; _builder_version=\u00bb4.27.4&#8243; background_size=\u00bbinitial\u00bb background_position=\u00bbtop_left\u00bb background_repeat=\u00bbrepeat\u00bb width=\u00bb85%\u00bb custom_padding=\u00bb0px||||false|false\u00bb global_colors_info=\u00bb{}\u00bb][et_pb_column type=\u00bb1_2&#8243; _builder_version=\u00bb4.16&#8243; custom_padding=\u00bb|||\u00bb global_colors_info=\u00bb{}\u00bb custom_padding__hover=\u00bb|||\u00bb][et_pb_wc_images _builder_version=\u00bb4.16&#8243; global_colors_info=\u00bb{}\u00bb][\/et_pb_wc_images][\/et_pb_column][et_pb_column type=\u00bb1_2&#8243; _builder_version=\u00bb4.16&#8243; custom_padding=\u00bb|||\u00bb global_colors_info=\u00bb{}\u00bb custom_padding__hover=\u00bb|||\u00bb][et_pb_wc_title _builder_version=\u00bb4.16&#8243; global_colors_info=\u00bb{}\u00bb][\/et_pb_wc_title][et_pb_wc_rating _builder_version=\u00bb4.16&#8243; global_colors_info=\u00bb{}\u00bb][\/et_pb_wc_rating][et_pb_wc_price _builder_version=\u00bb4.16&#8243; global_colors_info=\u00bb{}\u00bb][\/et_pb_wc_price][et_pb_wc_description _builder_version=\u00bb4.16&#8243; global_colors_info=\u00bb{}\u00bb][\/et_pb_wc_description][et_pb_wc_add_to_cart _builder_version=\u00bb4.16&#8243; global_colors_info=\u00bb{}\u00bb][\/et_pb_wc_add_to_cart][et_pb_wc_meta _builder_version=\u00bb4.16&#8243; global_colors_info=\u00bb{}\u00bb][\/et_pb_wc_meta][\/et_pb_column][\/et_pb_row][et_pb_row _builder_version=\u00bb4.16&#8243; background_size=\u00bbinitial\u00bb background_position=\u00bbtop_left\u00bb background_repeat=\u00bbrepeat\u00bb width=\u00bb100%\u00bb global_colors_info=\u00bb{}\u00bb][et_pb_column type=\u00bb4_4&#8243; _builder_version=\u00bb4.16&#8243; custom_padding=\u00bb|||\u00bb global_colors_info=\u00bb{}\u00bb custom_padding__hover=\u00bb|||\u00bb][et_pb_wc_tabs _builder_version=\u00bb4.16&#8243; global_colors_info=\u00bb{}\u00bb] [\/et_pb_wc_tabs][\/et_pb_column][\/et_pb_row][\/et_pb_section]<\/p>\n","protected":false},"excerpt":{"rendered":"","protected":false},"featured_media":3819,"comment_status":"open","ping_status":"closed","template":"","meta":{"_et_pb_use_builder":"on","_et_pb_old_content":"Optimiza tu negocio con el TPV CITAQ H10, un terminal compacto y funcional dise\u00f1ado para ofrecer una soluci\u00f3n eficiente a las necesidades de cualquier comercio o restaurante. Con su pantalla t\u00e1ctil de 10 pulgadas y su dise\u00f1o ergon\u00f3mico, este dispositivo se adapta perfectamente a espacios reducidos sin comprometer la potencia ni la funcionalidad.\r\n\r\nEquipado con un sistema operativo vers\u00e1til y un hardware confiable, el CITAQ H10 permite gestionar ventas, inventarios y operaciones de manera r\u00e1pida y sencilla. \u00a1Haz que tu negocio funcione con m\u00e1s fluidez y modernidad con el TPV CITAQ H10, una herramienta dise\u00f1ada para el \u00e9xito!\r\n\r\n<section id=\"mega-tabs\" class=\"product-section--container\" data-product-mega-tabs=\"\">\r\n<div class=\"hidden-phone\">\r\n<div class=\"tab-content tab-2\">\r\n<table dir=\"ltr\" border=\"1\" cellspacing=\"0\" cellpadding=\"0\" data-sheets-baot=\"1\" data-sheets-root=\"1\"><colgroup><col width=\"114\" \/><col width=\"149\" \/><\/colgroup>\r\n<tbody>\r\n<tr>\r\n<td>Procesador<\/td>\r\n<td>Quad Core A9 1,8 Ghz<\/td>\r\n<\/tr>\r\n<tr>\r\n<td>RAM<\/td>\r\n<td>DDR4 2 GB<\/td>\r\n<\/tr>\r\n<tr>\r\n<td>ROM<\/td>\r\n<td>32 GB<\/td>\r\n<\/tr>\r\n<tr>\r\n<td>Sist. Operativo<\/td>\r\n<td>Android 10<\/td>\r\n<\/tr>\r\n<tr>\r\n<td>Pantalla<\/td>\r\n<td>11,6\"<\/td>\r\n<\/tr>\r\n<tr>\r\n<td>Resoluci\u00f3n<\/td>\r\n<td>1024*768<\/td>\r\n<\/tr>\r\n<tr>\r\n<td>Altavoz<\/td>\r\n<td>1*2W<\/td>\r\n<\/tr>\r\n<tr>\r\n<td>Puertos<\/td>\r\n<td><span data-sheets-root=\"1\">2xUSB 3.0\r\n3xUSB 2.0\r\n2xRS232\r\nCaj\u00f3n de efectivo RJ11\r\npuerto LAN<\/span><\/td>\r\n<\/tr>\r\n<tr>\r\n<td>Color<\/td>\r\n<td>Negro<\/td>\r\n<\/tr>\r\n<tr>\r\n<td>Medidas<\/td>\r\n<td>243*240*175mm<\/td>\r\n<\/tr>\r\n<tr>\r\n<td>Peso<\/td>\r\n<td>2,5KG<\/td>\r\n<\/tr>\r\n<tr>\r\n<td>Bluetooth<\/td>\r\n<td>4.0<\/td>\r\n<\/tr>\r\n<tr>\r\n<td>WiFi<\/td>\r\n<td>802.11ac\/b\/g\/n 2.4G<\/td>\r\n<\/tr>\r\n<tr>\r\n<td>NFC<\/td>\r\n<td>-<\/td>\r\n<\/tr>\r\n<tr>\r\n<td>GMS<\/td>\r\n<td>S\u00ed<\/td>\r\n<\/tr>\r\n<tr>\r\n<td>IMPRESORA<\/td>\r\n<td>80mm<\/td>\r\n<\/tr>\r\n<tr>\r\n<td>MARCA<\/td>\r\n<td>CITAQ<\/td>\r\n<\/tr>\r\n<\/tbody>\r\n<\/table>\r\n<\/div>\r\n<\/div>\r\n<\/section><section class=\"product-section--container\" data-product-reviews=\"\">\r\n<div class=\"product-section--content product-reviews--content\">\r\n<div id=\"shopify-product-reviews\" data-id=\"9750975578445\">\r\n<div class=\"spr-container\">\r\n<div class=\"spr-header\">\r\n<h2 class=\"spr-header-title\"><\/h2>\r\n<\/div>\r\n<\/div>\r\n<\/div>\r\n<\/div>\r\n<\/section>","_et_gb_content_width":""},"product_brand":[],"product_cat":[42,23],"product_tag":[],"class_list":{"0":"post-3637","1":"product","2":"type-product","3":"status-publish","4":"has-post-thumbnail","6":"product_cat-equipos-tpv","7":"product_cat-sin-categorizar","9":"first","10":"instock","11":"shipping-taxable","12":"purchasable","13":"product-type-simple"},"exclude_global_add_ons":false,"addons":[{"name":"Cajonera","type":"multiple_choice","position":0,"required":false,"title_format":"label","default":"","description_enable":false,"description":"","placeholder_enable":false,"placeholder":"","display":"images","restrictions_type":"any_text","adjust_price":false,"price":"","price_type":"flat_fee","restrictions":false,"min":"0","max":"0","options":[{"label":"GEON Caj\u00f3n Portamonedas autom\u00e1tico el\u00e9ctrico 41 x 41 cm","price":"48.9","price_type":"flat_fee","image":3609},{"label":"GEON Caj\u00f3n Portamonedas autom\u00e1tico el\u00e9ctrico 41 x 41 cm BLANCO","price":"54","price_type":"flat_fee","image":3621},{"label":"GEON Caj\u00f3n Portamonedas autom\u00e1tico el\u00e9ctrico 34 x 38 cm","price":"45.89","price_type":"flat_fee","image":3610},{"label":"Caj\u00f3n inteligente Cashdro S","price":"4600","price_type":"flat_fee","image":3611}],"id":1739193944},{"name":"Impresora","type":"multiple_choice","position":1,"required":false,"title_format":"label","default":"","description_enable":false,"description":"","placeholder_enable":false,"placeholder":"","display":"images","restrictions_type":"any_text","adjust_price":false,"price":"","price_type":"flat_fee","restrictions":false,"min":"0","max":"0","options":[{"label":"POSWINK P-20 Impresora t\u00e9rmica de ticket","price":"85","price_type":"flat_fee","image":3614},{"label":"Impresora Cloud Printer 80 mm USB + RJ11 + Wifi + Bluetooth","price":"240","price_type":"flat_fee","image":3613},{"label":"Star Micronics mC-Print3, C\u00fater, USB, Ethernet, CloudPRNT, Negro","price":"352","price_type":"flat_fee","image":3612}],"id":1739193945},{"name":"Software o aplicaci\u00f3n","type":"multiple_choice","position":2,"required":false,"title_format":"label","default":"","description_enable":false,"description":"","placeholder_enable":false,"placeholder":"","display":"images","restrictions_type":"any_text","adjust_price":false,"price":"","price_type":"flat_fee","restrictions":false,"min":"0","max":"0","options":[{"label":"Licencia PDA Hosteleria Easy Pos","price":"99","price_type":"flat_fee","image":3615},{"label":"Licencia glop pro","price":"399","price_type":"flat_fee","image":3354},{"label":"Mycheftool (cuota mensual)","price":"99","price_type":"flat_fee","image":3352},{"label":"Qamarero (cuota mensual)","price":"99","price_type":"flat_fee","image":3355}],"id":1739275624}],"_links":{"self":[{"href":"https:\/\/atakama.es\/hosteleria\/wp-json\/wp\/v2\/product\/3637","targetHints":{"allow":["GET"]}}],"collection":[{"href":"https:\/\/atakama.es\/hosteleria\/wp-json\/wp\/v2\/product"}],"about":[{"href":"https:\/\/atakama.es\/hosteleria\/wp-json\/wp\/v2\/types\/product"}],"replies":[{"embeddable":true,"href":"https:\/\/atakama.es\/hosteleria\/wp-json\/wp\/v2\/comments?post=3637"}],"wp:featuredmedia":[{"embeddable":true,"href":"https:\/\/atakama.es\/hosteleria\/wp-json\/wp\/v2\/media\/3819"}],"wp:attachment":[{"href":"https:\/\/atakama.es\/hosteleria\/wp-json\/wp\/v2\/media?parent=3637"}],"wp:term":[{"taxonomy":"product_brand","embeddable":true,"href":"https:\/\/atakama.es\/hosteleria\/wp-json\/wp\/v2\/product_brand?post=3637"},{"taxonomy":"product_cat","embeddable":true,"href":"https:\/\/atakama.es\/hosteleria\/wp-json\/wp\/v2\/product_cat?post=3637"},{"taxonomy":"product_tag","embeddable":true,"href":"https:\/\/atakama.es\/hosteleria\/wp-json\/wp\/v2\/product_tag?post=3637"}],"curies":[{"name":"wp","href":"https:\/\/api.w.org\/{rel}","templated":true}]}}