{"id":4443,"date":"2025-03-14T14:18:21","date_gmt":"2025-03-14T14:18:21","guid":{"rendered":"https:\/\/atakama.es\/hosteleria\/?page_id=4443"},"modified":"2025-03-18T15:05:49","modified_gmt":"2025-03-18T15:05:49","slug":"glop-pide-y-paga","status":"publish","type":"page","link":"https:\/\/atakama.es\/hosteleria\/glop-pide-y-paga\/","title":{"rendered":"Glop pide y paga"},"content":{"rendered":"<p>[et_pb_section fb_built=\u00bb1&#8243; _builder_version=\u00bb4.27.4&#8243; _module_preset=\u00bbdefault\u00bb global_colors_info=\u00bb{}\u00bb custom_padding=\u00bb||16px|||\u00bb][et_pb_row column_structure=\u00bb1_2,1_2&#8243; _builder_version=\u00bb4.27.4&#8243; _module_preset=\u00bbdefault\u00bb max_width=\u00bb1600px\u00bb locked=\u00bboff\u00bb global_colors_info=\u00bb{}\u00bb][et_pb_column type=\u00bb1_2&#8243; _builder_version=\u00bb4.27.4&#8243; _module_preset=\u00bbdefault\u00bb global_colors_info=\u00bb{}\u00bb][et_pb_text _builder_version=\u00bb4.27.4&#8243; _module_preset=\u00bbdefault\u00bb header_text_color=\u00bb#191919&#8243; header_font_size=\u00bb73px\u00bb custom_margin=\u00bb0px||||false|false\u00bb hover_enabled=\u00bb0&#8243; header_font_size_tablet=\u00bb57px\u00bb header_font_size_phone=\u00bb38px\u00bb header_font_size_last_edited=\u00bbon|phone\u00bb global_colors_info=\u00bb{}\u00bb sticky_enabled=\u00bb0&#8243;]<\/p>\n<h1 class=\"sow-headline\">Servicio Pide y Paga para tu restaurante.<\/h1>\n<p>[\/et_pb_text][et_pb_text _builder_version=\u00bb4.27.4&#8243; _module_preset=\u00bbdefault\u00bb header_2_text_color=\u00bb#0a0a0a\u00bb global_colors_info=\u00bb{}\u00bb]<\/p>\n<h2><span>Ofrece a tus clientes la posibilidad de pedir y pagar desde la carta digital. Evita el problema de la falta de empleados y mejora la experiencia del cliente que no tiene que esperar. Aumenta los ingresos y tu ticket medio.<\/span><\/h2>\n<p>[\/et_pb_text][et_pb_text _builder_version=\u00bb4.27.4&#8243; _module_preset=\u00bbdefault\u00bb header_2_text_color=\u00bb#179B00&#8243; header_2_font_size=\u00bb45px\u00bb header_3_text_color=\u00bb#179B00&#8243; header_3_font_size=\u00bb27px\u00bb global_colors_info=\u00bb{}\u00bb]<\/p>\n<h3><span>Aumenta la rotaci\u00f3n de mesas y el ticket medio.<\/span><\/h3>\n<p>[\/et_pb_text][et_pb_button button_url=\u00bbhttps:\/\/atakama.es\/hosteleria\/formulario-glop\/\u00bb button_text=\u00bbSolicita tu demo\u00bb button_alignment=\u00bbcenter\u00bb _builder_version=\u00bb4.27.4&#8243; _module_preset=\u00bbdefault\u00bb custom_button=\u00bbon\u00bb button_text_size=\u00bb28px\u00bb button_text_color=\u00bb#FFFFFF\u00bb button_bg_color=\u00bb#f68806&#8243; button_border_radius=\u00bb8px\u00bb button_font=\u00bb|800|||||||\u00bb vertical_offset=\u00bb9px\u00bb horizontal_offset=\u00bb164px\u00bb locked=\u00bboff\u00bb global_colors_info=\u00bb{}\u00bb][\/et_pb_button][\/et_pb_column][et_pb_column type=\u00bb1_2&#8243; _builder_version=\u00bb4.27.4&#8243; _module_preset=\u00bbdefault\u00bb global_colors_info=\u00bb{}\u00bb][et_pb_image src=\u00bbhttp:\/\/atakama.es\/hosteleria\/wp-content\/uploads\/2025\/03\/imagenes-04.avif\u00bb title_text=\u00bbimagenes-04&#8243; align=\u00bbcenter\u00bb _builder_version=\u00bb4.27.4&#8243; _module_preset=\u00bbdefault\u00bb max_width=\u00bb100%\u00bb min_height_tablet=\u00bb189px\u00bb min_height_phone=\u00bb\u00bb min_height_last_edited=\u00bbon|phone\u00bb custom_margin=\u00bb||||false|false\u00bb custom_margin_tablet=\u00bb-97px||||false|false\u00bb custom_margin_phone=\u00bb0px||||false|false\u00bb custom_margin_last_edited=\u00bbon|phone\u00bb hover_enabled=\u00bb0&#8243; global_colors_info=\u00bb{}\u00bb sticky_enabled=\u00bb0&#8243; custom_padding=\u00bb126px|||||\u00bb][\/et_pb_image][\/et_pb_column][\/et_pb_row][\/et_pb_section][et_pb_section fb_built=\u00bb1&#8243; _builder_version=\u00bb4.27.4&#8243; _module_preset=\u00bbdefault\u00bb background_color=\u00bb#DFF5E8&#8243; custom_padding=\u00bb12px||0px|||\u00bb locked=\u00bboff\u00bb global_colors_info=\u00bb{}\u00bb][et_pb_row _builder_version=\u00bb4.27.4&#8243; _module_preset=\u00bbdefault\u00bb max_width=\u00bb1600px\u00bb global_colors_info=\u00bb{}\u00bb][et_pb_column type=\u00bb4_4&#8243; _builder_version=\u00bb4.27.4&#8243; _module_preset=\u00bbdefault\u00bb global_colors_info=\u00bb{}\u00bb][et_pb_text _builder_version=\u00bb4.27.4&#8243; _module_preset=\u00bbdefault\u00bb text_font_size=\u00bb42px\u00bb text_line_height=\u00bb1.5em\u00bb text_font_size_tablet=\u00bb42px\u00bb text_font_size_phone=\u00bb19px\u00bb text_font_size_last_edited=\u00bbon|phone\u00bb global_colors_info=\u00bb{}\u00bb]<\/p>\n<p style=\"text-align: center;\"><span>\u00abEvita esperas, mejora el proceso de pedidos, ayuda a vender m\u00e1s y adem\u00e1s agiliza el proceso de pago. Con el mejor precio por transacci\u00f3n del mercado.\u00bb<\/span><\/p>\n<p>[\/et_pb_text][\/et_pb_column][\/et_pb_row][\/et_pb_section][et_pb_section fb_built=\u00bb1&#8243; _builder_version=\u00bb4.27.4&#8243; _module_preset=\u00bbdefault\u00bb locked=\u00bboff\u00bb global_colors_info=\u00bb{}\u00bb custom_padding=\u00bb3px|||||\u00bb][et_pb_row _builder_version=\u00bb4.27.4&#8243; _module_preset=\u00bbdefault\u00bb max_width=\u00bb1600px\u00bb global_colors_info=\u00bb{}\u00bb][et_pb_column type=\u00bb4_4&#8243; _builder_version=\u00bb4.27.4&#8243; _module_preset=\u00bbdefault\u00bb global_colors_info=\u00bb{}\u00bb][et_pb_text _builder_version=\u00bb4.27.4&#8243; _module_preset=\u00bbdefault\u00bb header_2_text_color=\u00bb#179B00&#8243; header_2_font_size=\u00bb37px\u00bb custom_margin=\u00bb||23px|||\u00bb global_colors_info=\u00bb{}\u00bb]<\/p>\n<h2 style=\"text-align: left;\"><span>Mejora la experiencia de tu cliente<\/span><\/h2>\n<p>[\/et_pb_text][et_pb_text _builder_version=\u00bb4.27.4&#8243; _module_preset=\u00bbdefault\u00bb header_3_text_color=\u00bb#191919&#8243; header_3_font_size=\u00bb68px\u00bb header_3_font_size_tablet=\u00bb68px\u00bb header_3_font_size_phone=\u00bb30px\u00bb header_3_font_size_last_edited=\u00bbon|phone\u00bb global_colors_info=\u00bb{}\u00bb]<\/p>\n<h3 class=\"sow-headline\">\u00bfQu\u00e9 ofrece el pide y paga?<\/h3>\n<p>[\/et_pb_text][\/et_pb_column][\/et_pb_row][et_pb_row column_structure=\u00bb1_2,1_2&#8243; _builder_version=\u00bb4.27.4&#8243; _module_preset=\u00bbdefault\u00bb max_width=\u00bb1600px\u00bb custom_padding=\u00bb0px|||||\u00bb global_colors_info=\u00bb{}\u00bb][et_pb_column type=\u00bb1_2&#8243; _builder_version=\u00bb4.27.4&#8243; _module_preset=\u00bbdefault\u00bb global_colors_info=\u00bb{}\u00bb][et_pb_image src=\u00bbhttp:\/\/atakama.es\/hosteleria\/wp-content\/uploads\/2025\/03\/reservas-2-modulo.avif\u00bb title_text=\u00bbreservas-2-modulo\u00bb align=\u00bbcenter\u00bb _builder_version=\u00bb4.27.4&#8243; _module_preset=\u00bbdefault\u00bb global_colors_info=\u00bb{}\u00bb][\/et_pb_image][\/et_pb_column][et_pb_column type=\u00bb1_2&#8243; _builder_version=\u00bb4.27.4&#8243; _module_preset=\u00bbdefault\u00bb custom_padding=\u00bb50px||||false|false\u00bb global_colors_info=\u00bb{}\u00bb][et_pb_text _builder_version=\u00bb4.27.4&#8243; _module_preset=\u00bbdefault\u00bb text_text_color=\u00bb#0a0a0a\u00bb text_font_size=\u00bb26px\u00bb text_line_height=\u00bb1.8em\u00bb hover_enabled=\u00bb0&#8243; global_colors_info=\u00bb{}\u00bb custom_margin_last_edited=\u00bbon|phone\u00bb custom_margin_phone=\u00bb-63px||||false|false\u00bb sticky_enabled=\u00bb0&#8243;]<\/p>\n<p><span><strong><span style=\"color: #ff6600;\">\u279c\u00a0<\/span>Carta digital y pagos digitales todo en uno.<\/strong><\/span><\/p>\n<p><span><strong><span style=\"color: #ff6600;\">\u279c<\/span>\u00a0Tus clientes ya usan Bizum entre ellos, facil\u00edtales la tarea.<\/strong><\/span><\/p>\n<p><span><strong><span style=\"color: #ff6600;\">\u279c<\/span>\u00a0Evita la escasez de personal con un sistema que agiliza el servicio.<\/strong><\/span><\/p>\n<p><span><strong><span style=\"color: #ff6600;\">\u279c\u00a0<\/span>Todo integrado en un \u00fanico sistema.<\/strong><\/span><\/p>\n<p>[\/et_pb_text][\/et_pb_column][\/et_pb_row][\/et_pb_section][et_pb_section fb_built=\u00bb1&#8243; _builder_version=\u00bb4.27.4&#8243; _module_preset=\u00bbdefault\u00bb background_color=\u00bb#DFF5E8&#8243; hover_enabled=\u00bb0&#8243; locked=\u00bboff\u00bb global_colors_info=\u00bb{}\u00bb custom_padding=\u00bb||0px|0px||\u00bb sticky_enabled=\u00bb0&#8243; height_last_edited=\u00bbon|phone\u00bb height_phone=\u00bb1858px\u00bb][et_pb_row _builder_version=\u00bb4.27.4&#8243; _module_preset=\u00bbdefault\u00bb max_width=\u00bb1600px\u00bb locked=\u00bboff\u00bb global_colors_info=\u00bb{}\u00bb][et_pb_column type=\u00bb4_4&#8243; _builder_version=\u00bb4.27.4&#8243; _module_preset=\u00bbdefault\u00bb global_colors_info=\u00bb{}\u00bb][et_pb_text _builder_version=\u00bb4.27.4&#8243; _module_preset=\u00bbdefault\u00bb header_2_text_color=\u00bb#179B00&#8243; header_2_font_size=\u00bb37px\u00bb custom_margin=\u00bb||23px|||\u00bb global_colors_info=\u00bb{}\u00bb]<\/p>\n<h2 style=\"text-align: left;\"><span>M\u00e1s de 16.000 clientes en Espa\u00f1a.<\/span><\/h2>\n<p>[\/et_pb_text][et_pb_text _builder_version=\u00bb4.27.4&#8243; _module_preset=\u00bbdefault\u00bb header_3_text_color=\u00bb#191919&#8243; header_3_font_size=\u00bb68px\u00bb header_3_font_size_tablet=\u00bb68px\u00bb header_3_font_size_phone=\u00bb30px\u00bb header_3_font_size_last_edited=\u00bbon|phone\u00bb global_colors_info=\u00bb{}\u00bb]<\/p>\n<h3 class=\"sow-headline\">Glop, el software tpv hosteler\u00eda que integra el mejor servicio de<span>\u00a0<\/span><span style=\"color: #008000;\"><b>pide y paga<\/b><\/span><span>\u00a0<\/span>del mercado.<\/h3>\n<p>[\/et_pb_text][et_pb_text _builder_version=\u00bb4.27.4&#8243; _module_preset=\u00bbdefault\u00bb text_text_color=\u00bb#F68806&#8243; text_font_size=\u00bb31px\u00bb global_colors_info=\u00bb{}\u00bb]<\/p>\n<p><strong><span>Disponer de una carta digital integrada con tu software tpv evita mucho trabajo.<\/span><\/strong><\/p>\n<p>[\/et_pb_text][\/et_pb_column][\/et_pb_row][et_pb_row column_structure=\u00bb1_2,1_2&#8243; _builder_version=\u00bb4.27.4&#8243; _module_preset=\u00bbdefault\u00bb max_width=\u00bb1600px\u00bb locked=\u00bboff\u00bb global_colors_info=\u00bb{}\u00bb min_height=\u00bb854.3px\u00bb custom_padding=\u00bb||0px|||\u00bb][et_pb_column type=\u00bb1_2&#8243; _builder_version=\u00bb4.27.4&#8243; _module_preset=\u00bbdefault\u00bb global_colors_info=\u00bb{}\u00bb][et_pb_text _builder_version=\u00bb4.27.4&#8243; _module_preset=\u00bbdefault\u00bb text_text_color=\u00bb#0a0a0a\u00bb text_font_size=\u00bb26px\u00bb text_line_height=\u00bb1.4em\u00bb custom_padding=\u00bb||0px|||\u00bb global_colors_info=\u00bb{}\u00bb]<\/p>\n<div id=\"pg-40548-5\" class=\"panel-grid panel-has-style\">\n<div class=\"panel-row-style panel-row-style-for-40548-5\">\n<div id=\"pgc-40548-5-0\" class=\"panel-grid-cell\">\n<div id=\"panel-40548-5-0-0\" class=\"so-panel widget widget_sow-editor panel-first-child panel-last-child\" data-index=\"9\">\n<div class=\"panel-widget-style panel-widget-style-for-40548-5-0-0\">\n<div class=\"so-widget-sow-editor so-widget-sow-editor-base\">\n<div class=\"siteorigin-widget-tinymce textwidget\">\n<p><span><strong><b><span style=\"color: #339966;\">\u2713<\/span>\u00a0<\/b>Elimina las esperas en tu restaurante, ni para pedir ni para pagar.<\/strong><\/span><br \/><span>Ofrece una herramienta que evita al cliente buscar o esperar al camarero.<\/span><\/p>\n<p><span><b><span style=\"color: #339966;\">\u2713\u00a0<\/span>Ofrece una imagen innovadora de tu negocio.<br \/><\/b>Puedes combinar la atenci\u00f3n el camarero tradicional o el sistema de pide y paga. Deja que tu cliente elija.<\/span><\/p>\n<p><span><b><span style=\"color: #339966;\">\u2713<\/span>\u00a0Da ideas a tus clientes.<br \/><\/b>Puedes colocar tus platos m\u00e1s vendidos, recomendaciones y guiar a tu cliente entre los platos y men\u00fas que m\u00e1s te interese que conozcan.<\/span><\/p>\n<p>&nbsp;<\/p>\n<\/div>\n<\/div>\n<\/div>\n<\/div>\n<\/div>\n<div id=\"pgc-40548-5-1\" class=\"panel-grid-cell\">\n<div id=\"panel-40548-5-1-0\" class=\"so-panel widget widget_sow-image panel-first-child panel-last-child\" data-index=\"10\">\n<div class=\"panel-widget-style panel-widget-style-for-40548-5-1-0\">\n<div class=\"so-widget-sow-image so-widget-sow-image-default-8b5b6f678277-40548\">\n<div class=\"sow-image-container\"><\/div>\n<\/div>\n<\/div>\n<\/div>\n<\/div>\n<\/div>\n<\/div>\n<div id=\"pg-40548-6\" class=\"panel-grid panel-has-style\">\n<div class=\"panel-row-style panel-row-style-for-40548-6\">\n<div id=\"pgc-40548-6-0\" class=\"panel-grid-cell\">\n<div id=\"panel-40548-6-0-0\" class=\"so-panel widget widget_sow-headline panel-first-child panel-last-child\" data-index=\"11\">\n<div class=\"so-widget-sow-headline so-widget-sow-headline-default-2d52427c4039-40548\">\n<div class=\"sow-headline-container \"><\/div>\n<\/div>\n<\/div>\n<\/div>\n<\/div>\n<\/div>\n<p>[\/et_pb_text][\/et_pb_column][et_pb_column type=\u00bb1_2&#8243; _builder_version=\u00bb4.27.4&#8243; _module_preset=\u00bbdefault\u00bb global_colors_info=\u00bb{}\u00bb][et_pb_text _builder_version=\u00bb4.27.4&#8243; _module_preset=\u00bbdefault\u00bb text_text_color=\u00bb#0a0a0a\u00bb text_font_size=\u00bb26px\u00bb text_line_height=\u00bb1.4em\u00bb custom_padding=\u00bb||0px|||\u00bb hover_enabled=\u00bb0&#8243; locked=\u00bboff\u00bb global_colors_info=\u00bb{}\u00bb height_last_edited=\u00bbon|phone\u00bb height_phone=\u00bb532px\u00bb sticky_enabled=\u00bb0&#8243; min_height=\u00bb322.1px\u00bb]<\/p>\n<div id=\"pg-40548-5\" class=\"panel-grid panel-has-style\">\n<div class=\"panel-row-style panel-row-style-for-40548-5\">\n<div id=\"pgc-40548-5-0\" class=\"panel-grid-cell\">\n<div id=\"panel-40548-5-0-0\" class=\"so-panel widget widget_sow-editor panel-first-child panel-last-child\" data-index=\"9\">\n<div class=\"panel-widget-style panel-widget-style-for-40548-5-0-0\">\n<div class=\"so-widget-sow-editor so-widget-sow-editor-base\">\n<div class=\"siteorigin-widget-tinymce textwidget\">\n<p><span><strong><b><span style=\"color: #339966;\">\u2713<\/span>\u00a0<\/b>Ofrece Bizum en tu restaurante de forma sencilla.<br \/><\/strong>Bizum cuenta con m\u00e1s de 21 millones de usuarios en Espa\u00f1a, es el tercer m\u00e9todo de pago m\u00e1s usado en Espa\u00f1a despu\u00e9s del efectivo y las tarjetas.<\/span><\/p>\n<p><span><strong><span style=\"color: #339966;\"><b>\u2713\u00a0<\/b><\/span>Mejora la experiencia de usuario.<br \/><\/strong>El proceso de pago no excede de 15 segundos.<\/span><\/p>\n<p>&nbsp;<\/p>\n<p>&nbsp;<\/p>\n<\/div>\n<\/div>\n<\/div>\n<\/div>\n<\/div>\n<div id=\"pgc-40548-5-1\" class=\"panel-grid-cell\">\n<div id=\"panel-40548-5-1-0\" class=\"so-panel widget widget_sow-image panel-first-child panel-last-child\" data-index=\"10\">\n<div class=\"panel-widget-style panel-widget-style-for-40548-5-1-0\">\n<div class=\"so-widget-sow-image so-widget-sow-image-default-8b5b6f678277-40548\">\n<div class=\"sow-image-container\"><\/div>\n<\/div>\n<\/div>\n<\/div>\n<\/div>\n<\/div>\n<\/div>\n<div id=\"pg-40548-6\" class=\"panel-grid panel-has-style\">\n<div class=\"panel-row-style panel-row-style-for-40548-6\">\n<div id=\"pgc-40548-6-0\" class=\"panel-grid-cell\">\n<div id=\"panel-40548-6-0-0\" class=\"so-panel widget widget_sow-headline panel-first-child panel-last-child\" data-index=\"11\">\n<div class=\"so-widget-sow-headline so-widget-sow-headline-default-2d52427c4039-40548\">\n<div class=\"sow-headline-container \"><\/div>\n<\/div>\n<\/div>\n<\/div>\n<\/div>\n<\/div>\n<p>[\/et_pb_text][\/et_pb_column][\/et_pb_row][\/et_pb_section][et_pb_section fb_built=\u00bb1&#8243; _builder_version=\u00bb4.27.4&#8243; _module_preset=\u00bbdefault\u00bb global_colors_info=\u00bb{}\u00bb custom_padding=\u00bb16px||18px|||\u00bb][et_pb_row _builder_version=\u00bb4.27.4&#8243; _module_preset=\u00bbdefault\u00bb max_width=\u00bb1600px\u00bb locked=\u00bboff\u00bb global_colors_info=\u00bb{}\u00bb custom_padding=\u00bb18px||0px|||\u00bb][et_pb_column type=\u00bb4_4&#8243; _builder_version=\u00bb4.27.4&#8243; _module_preset=\u00bbdefault\u00bb global_colors_info=\u00bb{}\u00bb][et_pb_text _builder_version=\u00bb4.27.4&#8243; _module_preset=\u00bbdefault\u00bb header_2_text_color=\u00bb#179B00&#8243; header_2_font_size=\u00bb37px\u00bb header_3_text_color=\u00bb#0c0c0c\u00bb header_3_font_size=\u00bb68px\u00bb custom_margin=\u00bb||23px|||\u00bb hover_enabled=\u00bb0&#8243; global_colors_info=\u00bb{}\u00bb header_3_font_size_last_edited=\u00bbon|phone\u00bb header_3_font_size_phone=\u00bb35px\u00bb sticky_enabled=\u00bb0&#8243; header_3_font_size_tablet=\u00bb68px\u00bb]<\/p>\n<h3 class=\"sow-headline\">Ofrece la mejor soluci\u00f3n a tu cliente<\/h3>\n<p>[\/et_pb_text][\/et_pb_column][\/et_pb_row][et_pb_row column_structure=\u00bb1_2,1_2&#8243; _builder_version=\u00bb4.27.4&#8243; _module_preset=\u00bbdefault\u00bb max_width=\u00bb1600px\u00bb locked=\u00bboff\u00bb global_colors_info=\u00bb{}\u00bb custom_padding=\u00bb2px|||||\u00bb][et_pb_column type=\u00bb1_2&#8243; _builder_version=\u00bb4.27.4&#8243; _module_preset=\u00bbdefault\u00bb global_colors_info=\u00bb{}\u00bb][et_pb_text _builder_version=\u00bb4.27.4&#8243; _module_preset=\u00bbdefault\u00bb text_text_color=\u00bb#0a0a0a\u00bb text_font_size=\u00bb26px\u00bb text_line_height=\u00bb1.4em\u00bb global_colors_info=\u00bb{}\u00bb]<\/p>\n<p><span><b><span style=\"color: #339966;\">\u2713\u00a0<\/span>Reduce tiempos de espera y aumenta la rotaci\u00f3n de tus mesas.<br \/><\/b>Los clientes que usan este sistema aumentan un 20% el ticket medio y una rotaci\u00f3n de mesas del 15%. Cada minuto cuenta.<\/span><\/p>\n<p><span><b><span style=\"color: #339966;\">\u2713<\/span>\u00a0Reduce errores porque tus clientes est\u00e1n viendo lo que van a pedir.<\/b><b><br \/><\/b>El cliente puede consultar las fotos, ingredientes, elaboraci\u00f3n, alergenos y toda la informaci\u00f3n que tu quieras mostrar.<\/span><\/p>\n<p><span><b><span style=\"color: #339966;\">\u2713\u00a0<\/span>Reduce Costes y aumenta beneficios.<\/b><br \/>El ahorro de tiempo y de personal hace reducir el coste del servicio,mejora la productividad de los camareros al usar un\u00a0software para restaurantes\u00a0que integra todos los procesos.<\/span><\/p>\n<p>[\/et_pb_text][\/et_pb_column][et_pb_column type=\u00bb1_2&#8243; _builder_version=\u00bb4.27.4&#8243; _module_preset=\u00bbdefault\u00bb global_colors_info=\u00bb{}\u00bb][et_pb_image src=\u00bbhttp:\/\/atakama.es\/hosteleria\/wp-content\/uploads\/2025\/03\/AUTOPEDIDO-2-GLOP.avif\u00bb title_text=\u00bbAUTOPEDIDO-2-GLOP\u00bb align=\u00bbcenter\u00bb _builder_version=\u00bb4.27.4&#8243; _module_preset=\u00bbdefault\u00bb width=\u00bb81%\u00bb global_colors_info=\u00bb{}\u00bb][\/et_pb_image][\/et_pb_column][\/et_pb_row][\/et_pb_section][et_pb_section fb_built=\u00bb1&#8243; _builder_version=\u00bb4.27.4&#8243; _module_preset=\u00bbdefault\u00bb background_color=\u00bb#DFF5E8&#8243; custom_padding=\u00bb13px||0px|||\u00bb global_colors_info=\u00bb{}\u00bb][et_pb_row _builder_version=\u00bb4.27.4&#8243; _module_preset=\u00bbdefault\u00bb max_width=\u00bb1600px\u00bb locked=\u00bboff\u00bb global_colors_info=\u00bb{}\u00bb][et_pb_column type=\u00bb4_4&#8243; _builder_version=\u00bb4.27.4&#8243; _module_preset=\u00bbdefault\u00bb global_colors_info=\u00bb{}\u00bb][et_pb_text _builder_version=\u00bb4.27.4&#8243; _module_preset=\u00bbdefault\u00bb header_2_text_color=\u00bb#179B00&#8243; header_2_font_size=\u00bb37px\u00bb header_3_text_color=\u00bb#0c0c0c\u00bb header_3_font_size=\u00bb68px\u00bb custom_margin=\u00bb||-5px|||\u00bb hover_enabled=\u00bb0&#8243; global_colors_info=\u00bb{}\u00bb header_3_font_size_last_edited=\u00bbon|phone\u00bb header_3_font_size_phone=\u00bb40px\u00bb sticky_enabled=\u00bb0&#8243; header_3_font_size_tablet=\u00bb68px\u00bb]<\/p>\n<h3 class=\"sow-headline\">Tambi\u00e9n pueden interesarte estas herramientas.<\/h3>\n<p>[\/et_pb_text][\/et_pb_column][\/et_pb_row][et_pb_row column_structure=\u00bb1_2,1_2&#8243; _builder_version=\u00bb4.27.4&#8243; _module_preset=\u00bbdefault\u00bb max_width=\u00bb1600px\u00bb locked=\u00bboff\u00bb global_colors_info=\u00bb{}\u00bb custom_margin=\u00bb-16px|auto||auto||\u00bb][et_pb_column type=\u00bb1_2&#8243; _builder_version=\u00bb4.27.4&#8243; _module_preset=\u00bbdefault\u00bb global_colors_info=\u00bb{}\u00bb][et_pb_text _builder_version=\u00bb4.27.4&#8243; _module_preset=\u00bbdefault\u00bb text_font_size=\u00bb1px\u00bb header_2_font=\u00bb|800|||||||\u00bb header_2_text_color=\u00bb#179B00&#8243; header_2_font_size=\u00bb41px\u00bb header_4_text_color=\u00bb#179B00&#8243; header_4_font_size=\u00bb38px\u00bb custom_margin=\u00bb-32px||29px|||\u00bb custom_padding=\u00bb0px|||||\u00bb hover_enabled=\u00bb0&#8243; global_colors_info=\u00bb{}\u00bb sticky_enabled=\u00bb0&#8243;]<\/p>\n<h2><strong><span style=\"font-size: large;\"><span>Mejora la experiencia de tus clientes con la Carta Digital<\/span><\/span><\/strong><\/h2>\n<p>[\/et_pb_text][et_pb_text _builder_version=\u00bb4.27.4&#8243; _module_preset=\u00bbdefault\u00bb text_text_color=\u00bb#0a0a0a\u00bb text_font_size=\u00bb26px\u00bb text_line_height=\u00bb1.4em\u00bb header_3_text_color=\u00bb#179B00&#8243; header_3_font_size=\u00bb59px\u00bb global_colors_info=\u00bb{}\u00bb]<\/p>\n<p><span>Ofrece una\u00a0<strong>carta digital<\/strong>\u00a0profesional, sin PDF&#8217;s, una herramienta que ayuda a vender m\u00e1s los platos m\u00e1s recomendados, mostrando fotograf\u00edas y la informaci\u00f3n que creas importante para tu cliente.<\/span><\/p>\n<p><span>Totalmente personalizable desde Glop y\u00a0 siempre con los art\u00edculos actualizados<\/span><\/p>\n<p>[\/et_pb_text][et_pb_button button_text=\u00bbCARTA DIGITAL\u00bb _builder_version=\u00bb4.27.4&#8243; _module_preset=\u00bbdefault\u00bb custom_button=\u00bbon\u00bb button_text_color=\u00bb#DFF5E8&#8243; button_bg_color=\u00bb#179B00&#8243; button_border_radius=\u00bb8px\u00bb locked=\u00bboff\u00bb global_colors_info=\u00bb{}\u00bb][\/et_pb_button][\/et_pb_column][et_pb_column type=\u00bb1_2&#8243; _builder_version=\u00bb4.27.4&#8243; _module_preset=\u00bbdefault\u00bb global_colors_info=\u00bb{}\u00bb][et_pb_image src=\u00bbhttp:\/\/atakama.es\/hosteleria\/wp-content\/uploads\/2025\/03\/imagenes_Mesa-de-trabajo-1.avif\u00bb title_text=\u00bbimagenes_Mesa-de-trabajo-1&#8243; align=\u00bbcenter\u00bb _builder_version=\u00bb4.27.4&#8243; _module_preset=\u00bbdefault\u00bb width=\u00bb81%\u00bb global_colors_info=\u00bb{}\u00bb][\/et_pb_image][\/et_pb_column][\/et_pb_row][\/et_pb_section][et_pb_section fb_built=\u00bb1&#8243; _builder_version=\u00bb4.27.4&#8243; _module_preset=\u00bbdefault\u00bb locked=\u00bboff\u00bb global_colors_info=\u00bb{}\u00bb custom_padding=\u00bb9px||0px|||\u00bb][et_pb_row _builder_version=\u00bb4.27.4&#8243; _module_preset=\u00bbdefault\u00bb max_width=\u00bb1600px\u00bb global_colors_info=\u00bb{}\u00bb custom_padding=\u00bb30px|||||\u00bb][et_pb_column type=\u00bb4_4&#8243; _builder_version=\u00bb4.27.4&#8243; _module_preset=\u00bbdefault\u00bb global_colors_info=\u00bb{}\u00bb][et_pb_text _builder_version=\u00bb4.27.4&#8243; _module_preset=\u00bbdefault\u00bb header_2_text_color=\u00bb#179B00&#8243; header_2_font_size=\u00bb37px\u00bb custom_margin=\u00bb||23px|||\u00bb hover_enabled=\u00bb0&#8243; global_colors_info=\u00bb{}\u00bb header_2_font_size_last_edited=\u00bbon|phone\u00bb header_2_font_size_phone=\u00bb20px\u00bb sticky_enabled=\u00bb0&#8243; header_2_font_size_tablet=\u00bb37px\u00bb]<\/p>\n<h2 style=\"text-align: left;\"><strong>Agiliza el proceso de pago, sin esperas ni dat\u00e1fonos, solo a trav\u00e9s de un c\u00f3digo QR.<\/strong><\/h2>\n<p>[\/et_pb_text][et_pb_text _builder_version=\u00bb4.27.4&#8243; _module_preset=\u00bbdefault\u00bb header_3_text_color=\u00bb#191919&#8243; header_3_font_size=\u00bb68px\u00bb header_3_font_size_tablet=\u00bb68px\u00bb header_3_font_size_phone=\u00bb30px\u00bb header_3_font_size_last_edited=\u00bbon|phone\u00bb global_colors_info=\u00bb{}\u00bb]<\/p>\n<h3 class=\"sow-headline\">\u00bfQu\u00e9 ofrece el pide y paga?<\/h3>\n<p>[\/et_pb_text][\/et_pb_column][\/et_pb_row][et_pb_row column_structure=\u00bb1_2,1_2&#8243; _builder_version=\u00bb4.27.4&#8243; _module_preset=\u00bbdefault\u00bb max_width=\u00bb1600px\u00bb custom_padding=\u00bb0px|||||\u00bb global_colors_info=\u00bb{}\u00bb][et_pb_column type=\u00bb1_2&#8243; _builder_version=\u00bb4.27.4&#8243; _module_preset=\u00bbdefault\u00bb global_colors_info=\u00bb{}\u00bb][et_pb_image src=\u00bbhttp:\/\/atakama.es\/hosteleria\/wp-content\/uploads\/2025\/03\/iconosWallpapers-17.avif\u00bb title_text=\u00bbiconosWallpapers-17&#8243; align=\u00bbcenter\u00bb _builder_version=\u00bb4.27.4&#8243; _module_preset=\u00bbdefault\u00bb global_colors_info=\u00bb{}\u00bb][\/et_pb_image][\/et_pb_column][et_pb_column type=\u00bb1_2&#8243; _builder_version=\u00bb4.27.4&#8243; _module_preset=\u00bbdefault\u00bb custom_padding=\u00bb50px||||false|false\u00bb global_colors_info=\u00bb{}\u00bb][et_pb_text _builder_version=\u00bb4.27.4&#8243; _module_preset=\u00bbdefault\u00bb text_text_color=\u00bb#0a0a0a\u00bb text_font_size=\u00bb26px\u00bb text_line_height=\u00bb1.8em\u00bb global_colors_info=\u00bb{}\u00bb custom_margin=\u00bb-59px|||||\u00bb]<\/p>\n<p><span>Imprime un c\u00f3digo QR en el ticket o mu\u00e9stralo en la comandera para que tu cliente pueda escanear y pagar. A\u00f1ade Bizum y todos los medios de pagos tradicionales con las mejores comisiones del mercado.<\/span><\/p>\n<p><span><strong>No hagas esperar al cliente, ahorra tiempo y desplazamientos y aumenta la rotaci\u00f3n de las mesas.<\/strong><\/span><\/p>\n<p>[\/et_pb_text][et_pb_button button_text=\u00bbPAGOS QR\u00bb _builder_version=\u00bb4.27.4&#8243; _module_preset=\u00bbdefault\u00bb custom_button=\u00bbon\u00bb button_text_color=\u00bb#DFF5E8&#8243; button_bg_color=\u00bb#179B00&#8243; button_border_radius=\u00bb8px\u00bb locked=\u00bboff\u00bb global_colors_info=\u00bb{}\u00bb][\/et_pb_button][\/et_pb_column][\/et_pb_row][\/et_pb_section]<\/p>\n","protected":false},"excerpt":{"rendered":"<p>Servicio Pide y Paga para tu restaurante.Ofrece a tus clientes la posibilidad de pedir y pagar desde la carta digital. Evita el problema de la falta de empleados y mejora la experiencia del cliente que no tiene que esperar. Aumenta los ingresos y tu ticket medio.Aumenta la rotaci\u00f3n de mesas y el ticket medio.\u00bbEvita esperas, [&hellip;]<\/p>\n","protected":false},"author":1,"featured_media":0,"parent":0,"menu_order":0,"comment_status":"closed","ping_status":"closed","template":"","meta":{"_et_pb_use_builder":"on","_et_pb_old_content":"","_et_gb_content_width":"","footnotes":""},"class_list":["post-4443","page","type-page","status-publish","hentry"],"_links":{"self":[{"href":"https:\/\/atakama.es\/hosteleria\/wp-json\/wp\/v2\/pages\/4443","targetHints":{"allow":["GET"]}}],"collection":[{"href":"https:\/\/atakama.es\/hosteleria\/wp-json\/wp\/v2\/pages"}],"about":[{"href":"https:\/\/atakama.es\/hosteleria\/wp-json\/wp\/v2\/types\/page"}],"author":[{"embeddable":true,"href":"https:\/\/atakama.es\/hosteleria\/wp-json\/wp\/v2\/users\/1"}],"replies":[{"embeddable":true,"href":"https:\/\/atakama.es\/hosteleria\/wp-json\/wp\/v2\/comments?post=4443"}],"version-history":[{"count":7,"href":"https:\/\/atakama.es\/hosteleria\/wp-json\/wp\/v2\/pages\/4443\/revisions"}],"predecessor-version":[{"id":4543,"href":"https:\/\/atakama.es\/hosteleria\/wp-json\/wp\/v2\/pages\/4443\/revisions\/4543"}],"wp:attachment":[{"href":"https:\/\/atakama.es\/hosteleria\/wp-json\/wp\/v2\/media?parent=4443"}],"curies":[{"name":"wp","href":"https:\/\/api.w.org\/{rel}","templated":true}]}}