{"id":4423,"date":"2025-03-14T11:49:29","date_gmt":"2025-03-14T11:49:29","guid":{"rendered":"https:\/\/atakama.es\/hosteleria\/?page_id=4423"},"modified":"2025-03-18T14:07:27","modified_gmt":"2025-03-18T14:07:27","slug":"glop-carta-digital","status":"publish","type":"page","link":"https:\/\/atakama.es\/hosteleria\/glop-carta-digital\/","title":{"rendered":"Glop carta digital"},"content":{"rendered":"<p>[et_pb_section fb_built=\u00bb1&#8243; _builder_version=\u00bb4.27.4&#8243; _module_preset=\u00bbdefault\u00bb custom_padding=\u00bb||3px|||\u00bb global_colors_info=\u00bb{}\u00bb][et_pb_row column_structure=\u00bb1_2,1_2&#8243; _builder_version=\u00bb4.27.4&#8243; _module_preset=\u00bbdefault\u00bb max_width=\u00bb1600px\u00bb global_colors_info=\u00bb{}\u00bb][et_pb_column type=\u00bb1_2&#8243; _builder_version=\u00bb4.27.4&#8243; _module_preset=\u00bbdefault\u00bb global_colors_info=\u00bb{}\u00bb][et_pb_text _builder_version=\u00bb4.27.4&#8243; _module_preset=\u00bbdefault\u00bb header_text_color=\u00bb#191919&#8243; header_font_size=\u00bb73px\u00bb custom_margin=\u00bb0px||||false|false\u00bb header_font_size_tablet=\u00bb73px\u00bb header_font_size_phone=\u00bb38px\u00bb header_font_size_last_edited=\u00bbon|phone\u00bb global_colors_info=\u00bb{}\u00bb]<\/p>\n<h1 class=\"sow-headline\" style=\"text-align: left;\">Cartas Digitales para Restaurantes<\/h1>\n<p>[\/et_pb_text][et_pb_text _builder_version=\u00bb4.27.4&#8243; _module_preset=\u00bbdefault\u00bb header_2_text_color=\u00bb#0a0a0a\u00bb global_colors_info=\u00bb{}\u00bb]<\/p>\n<h2><span>Crea una carta digital enlazada con el sistema de caja y cocina. Una herramienta para aumentar las ventas y mejorar la experiencia de tus clientes.<\/span><\/h2>\n<p>[\/et_pb_text][et_pb_text _builder_version=\u00bb4.27.4&#8243; _module_preset=\u00bbdefault\u00bb header_2_text_color=\u00bb#179B00&#8243; header_2_font_size=\u00bb45px\u00bb header_3_text_color=\u00bb#179B00&#8243; header_3_font_size=\u00bb27px\u00bb global_colors_info=\u00bb{}\u00bb]<\/p>\n<h3><span>No cometas el error de usar un fichero de texto o pdf en el cual el cliente no puede interactuar.<\/span><\/h3>\n<p>[\/et_pb_text][et_pb_button button_url=\u00bbhttps:\/\/atakama.es\/hosteleria\/formulario-glop\/\u00bb button_text=\u00bbSolicita tu demo\u00bb button_alignment=\u00bbcenter\u00bb _builder_version=\u00bb4.27.4&#8243; _module_preset=\u00bbdefault\u00bb custom_button=\u00bbon\u00bb button_text_size=\u00bb28px\u00bb button_text_color=\u00bb#FFFFFF\u00bb button_bg_color=\u00bb#f68806&#8243; button_border_radius=\u00bb8px\u00bb button_font=\u00bb|800|||||||\u00bb vertical_offset=\u00bb9px\u00bb horizontal_offset=\u00bb164px\u00bb locked=\u00bboff\u00bb global_colors_info=\u00bb{}\u00bb][\/et_pb_button][\/et_pb_column][et_pb_column type=\u00bb1_2&#8243; _builder_version=\u00bb4.27.4&#8243; _module_preset=\u00bbdefault\u00bb global_colors_info=\u00bb{}\u00bb][et_pb_image src=\u00bbhttp:\/\/atakama.es\/hosteleria\/wp-content\/uploads\/2025\/03\/rest-1.avif\u00bb title_text=\u00bbrest-1&#8243; align=\u00bbcenter\u00bb _builder_version=\u00bb4.27.4&#8243; _module_preset=\u00bbdefault\u00bb max_width=\u00bb100%\u00bb min_height=\u00bb699px\u00bb min_height_tablet=\u00bb699px\u00bb min_height_phone=\u00bb0px\u00bb min_height_last_edited=\u00bbon|phone\u00bb custom_margin=\u00bb-97px||||false|false\u00bb custom_margin_tablet=\u00bb-97px||||false|false\u00bb custom_margin_phone=\u00bb0px||||false|false\u00bb custom_margin_last_edited=\u00bbon|phone\u00bb hover_enabled=\u00bb0&#8243; global_colors_info=\u00bb{}\u00bb sticky_enabled=\u00bb0&#8243;][\/et_pb_image][\/et_pb_column][\/et_pb_row][\/et_pb_section][et_pb_section fb_built=\u00bb1&#8243; _builder_version=\u00bb4.27.4&#8243; _module_preset=\u00bbdefault\u00bb background_color=\u00bb#DFF5E8&#8243; custom_padding=\u00bb12px||20px|||\u00bb global_colors_info=\u00bb{}\u00bb][et_pb_row _builder_version=\u00bb4.27.4&#8243; _module_preset=\u00bbdefault\u00bb max_width=\u00bb1600px\u00bb global_colors_info=\u00bb{}\u00bb][et_pb_column type=\u00bb4_4&#8243; _builder_version=\u00bb4.27.4&#8243; _module_preset=\u00bbdefault\u00bb global_colors_info=\u00bb{}\u00bb][et_pb_text _builder_version=\u00bb4.27.4&#8243; _module_preset=\u00bbdefault\u00bb text_font_size=\u00bb42px\u00bb text_line_height=\u00bb1.5em\u00bb text_font_size_tablet=\u00bb42px\u00bb text_font_size_phone=\u00bb19px\u00bb text_font_size_last_edited=\u00bbon|phone\u00bb global_colors_info=\u00bb{}\u00bb]<\/p>\n<p style=\"text-align: center;\"><span>\u00abYa no hace falta que tu camarero sepa vender tus productos, el cliente tiene toda la informaci\u00f3n en su m\u00f3vil sin instalar ninguna aplicaci\u00f3n.\u00bb<\/span><\/p>\n<p>[\/et_pb_text][\/et_pb_column][\/et_pb_row][\/et_pb_section][et_pb_section fb_built=\u00bb1&#8243; _builder_version=\u00bb4.27.4&#8243; _module_preset=\u00bbdefault\u00bb global_colors_info=\u00bb{}\u00bb][et_pb_row _builder_version=\u00bb4.27.4&#8243; _module_preset=\u00bbdefault\u00bb max_width=\u00bb1600px\u00bb global_colors_info=\u00bb{}\u00bb][et_pb_column type=\u00bb4_4&#8243; _builder_version=\u00bb4.27.4&#8243; _module_preset=\u00bbdefault\u00bb global_colors_info=\u00bb{}\u00bb][et_pb_text _builder_version=\u00bb4.27.4&#8243; _module_preset=\u00bbdefault\u00bb header_2_text_color=\u00bb#179B00&#8243; header_2_font_size=\u00bb37px\u00bb custom_margin=\u00bb||23px|||\u00bb global_colors_info=\u00bb{}\u00bb]<\/p>\n<h2 style=\"text-align: left;\"><span>Mejora la experiencia de tu cliente<\/span><\/h2>\n<p>[\/et_pb_text][et_pb_text _builder_version=\u00bb4.27.4&#8243; _module_preset=\u00bbdefault\u00bb header_3_text_color=\u00bb#191919&#8243; header_3_font_size=\u00bb68px\u00bb header_3_font_size_tablet=\u00bb68px\u00bb header_3_font_size_phone=\u00bb30px\u00bb header_3_font_size_last_edited=\u00bbon|phone\u00bb global_colors_info=\u00bb{}\u00bb]<\/p>\n<h3 class=\"sow-headline\">\u00bfQu\u00e9 funciones tiene la carta digital?<\/h3>\n<p>[\/et_pb_text][\/et_pb_column][\/et_pb_row][et_pb_row column_structure=\u00bb1_2,1_2&#8243; _builder_version=\u00bb4.27.4&#8243; _module_preset=\u00bbdefault\u00bb max_width=\u00bb1600px\u00bb global_colors_info=\u00bb{}\u00bb][et_pb_column type=\u00bb1_2&#8243; _builder_version=\u00bb4.27.4&#8243; _module_preset=\u00bbdefault\u00bb global_colors_info=\u00bb{}\u00bb][et_pb_image src=\u00bbhttp:\/\/atakama.es\/hosteleria\/wp-content\/uploads\/2025\/03\/imagenes_Mesa-de-trabajo-1.avif\u00bb title_text=\u00bbimagenes_Mesa-de-trabajo-1&#8243; align=\u00bbcenter\u00bb _builder_version=\u00bb4.27.4&#8243; _module_preset=\u00bbdefault\u00bb global_colors_info=\u00bb{}\u00bb][\/et_pb_image][\/et_pb_column][et_pb_column type=\u00bb1_2&#8243; _builder_version=\u00bb4.27.4&#8243; _module_preset=\u00bbdefault\u00bb global_colors_info=\u00bb{}\u00bb][et_pb_text _builder_version=\u00bb4.27.4&#8243; _module_preset=\u00bbdefault\u00bb text_text_color=\u00bb#0a0a0a\u00bb text_font_size=\u00bb26px\u00bb text_line_height=\u00bb1.4em\u00bb global_colors_info=\u00bb{}\u00bb]<\/p>\n<p><span style=\"color: #224149;\"><b><span style=\"color: #2bba68;\">\u2713<\/span><span>\u00a0<\/span>Totalmente personalizable<\/b><\/span><\/p>\n<p><span style=\"font-weight: 400; color: #224149;\">Im\u00e1genes , colores, tipos de letra y tama\u00f1o. Tu carta digital tiene que ser como tu quieras.<\/span><\/p>\n<p><strong><span style=\"color: #224149;\"><span style=\"color: #2bba68;\">\u2713<\/span><span>\u00a0<\/span>Fotograf\u00edas reales<\/span><\/strong><\/p>\n<p><span style=\"color: #224149;\"><b><\/b><span style=\"font-weight: 400;\">Evita que tus clientes se lleven decepciones porque est\u00e1n viendo lo que van a pedir. La comida entra por los ojos.<\/span><\/span><\/p>\n<p><span style=\"color: #224149;\"><b><span style=\"color: #2bba68;\">\u2713<\/span><span>\u00a0<\/span>Opci\u00f3n de a\u00f1adir idiomas extras<\/b><\/span><\/p>\n<p><span style=\"font-weight: 400; color: #224149;\">Atiende a tu cliente en el idioma que necesite, ay\u00fadale a entender mejor tu oferta.<\/span><\/p>\n<p><span style=\"color: #224149;\"><b><span style=\"color: #2bba68;\">\u2713<\/span><span>\u00a0<\/span>A\u00f1ade informaci\u00f3n de valor<\/b><\/span><\/p>\n<p><span style=\"font-weight: 400; color: #224149;\">A\u00f1ade descripciones y elaboraciones. Puedes mostrar hasta 5 fotos. A\u00f1ade toda la informaci\u00f3n que necesites para ofrecer tu producto de verdad.<\/span><\/p>\n<p>[\/et_pb_text][\/et_pb_column][\/et_pb_row][et_pb_row _builder_version=\u00bb4.27.4&#8243; _module_preset=\u00bbdefault\u00bb max_width=\u00bb1600px\u00bb locked=\u00bboff\u00bb global_colors_info=\u00bb{}\u00bb][et_pb_column type=\u00bb4_4&#8243; _builder_version=\u00bb4.27.4&#8243; _module_preset=\u00bbdefault\u00bb global_colors_info=\u00bb{}\u00bb][et_pb_text _builder_version=\u00bb4.27.4&#8243; _module_preset=\u00bbdefault\u00bb header_2_text_color=\u00bb#179B00&#8243; header_2_font_size=\u00bb37px\u00bb custom_margin=\u00bb||23px|||\u00bb global_colors_info=\u00bb{}\u00bb]<\/p>\n<h2 style=\"text-align: left;\"><span>M\u00e1s de 16.000 clientes en Espa\u00f1a.<\/span><\/h2>\n<p>[\/et_pb_text][et_pb_text _builder_version=\u00bb4.27.4&#8243; _module_preset=\u00bbdefault\u00bb header_3_text_color=\u00bb#191919&#8243; header_3_font_size=\u00bb68px\u00bb header_3_font_size_tablet=\u00bb68px\u00bb header_3_font_size_phone=\u00bb30px\u00bb header_3_font_size_last_edited=\u00bbon|phone\u00bb global_colors_info=\u00bb{}\u00bb]<\/p>\n<h3 class=\"sow-headline\"><span>Glop, el software tpv hosteler\u00eda que integra la mejor\u00a0<\/span><span style=\"color: #008000;\"><b>carta digital<\/b><\/span><span><span style=\"color: #008000;\">\u00a0<\/span>del mercado.<\/span><\/h3>\n<p>[\/et_pb_text][et_pb_text _builder_version=\u00bb4.27.4&#8243; _module_preset=\u00bbdefault\u00bb text_text_color=\u00bb#F68806&#8243; text_font_size=\u00bb31px\u00bb global_colors_info=\u00bb{}\u00bb]<\/p>\n<p><strong><span>Disponer de una carta digital integrada con tu software tpv evita mucho trabajo.<\/span><\/strong><\/p>\n<p>[\/et_pb_text][\/et_pb_column][\/et_pb_row][et_pb_row column_structure=\u00bb1_2,1_2&#8243; _builder_version=\u00bb4.27.4&#8243; _module_preset=\u00bbdefault\u00bb max_width=\u00bb1600px\u00bb locked=\u00bboff\u00bb global_colors_info=\u00bb{}\u00bb][et_pb_column type=\u00bb1_2&#8243; _builder_version=\u00bb4.27.4&#8243; _module_preset=\u00bbdefault\u00bb global_colors_info=\u00bb{}\u00bb][et_pb_text _builder_version=\u00bb4.27.4&#8243; _module_preset=\u00bbdefault\u00bb text_text_color=\u00bb#0a0a0a\u00bb text_font_size=\u00bb26px\u00bb text_line_height=\u00bb1.4em\u00bb custom_padding=\u00bb||0px|||\u00bb global_colors_info=\u00bb{}\u00bb]<\/p>\n<div id=\"pg-40548-5\" class=\"panel-grid panel-has-style\">\n<div class=\"panel-row-style panel-row-style-for-40548-5\">\n<div id=\"pgc-40548-5-0\" class=\"panel-grid-cell\">\n<div id=\"panel-40548-5-0-0\" class=\"so-panel widget widget_sow-editor panel-first-child panel-last-child\" data-index=\"9\">\n<div class=\"panel-widget-style panel-widget-style-for-40548-5-0-0\">\n<div class=\"so-widget-sow-editor so-widget-sow-editor-base\">\n<div class=\"siteorigin-widget-tinymce textwidget\">\n<p><span><span style=\"color: #339966;\">\u2713<\/span><b>Art\u00edculos siempre actualizados.<\/b><\/span><\/p>\n<p><span><b><\/b>No hagas un doble esfuerzo, comparte los datos entre el software y la carta. Descripciones, precios, promociones, etc.<\/span><\/p>\n<p><span><b><span style=\"color: #339966;\">\u2713<\/span>\u00a0<\/b><strong>Mejora el servicio.<\/strong><\/span><\/p>\n<p><span><b>Oculta de forma r\u00e1pida aquellos productos cuando no te interesen prepararlos o venderlos.<\/b><\/span><\/p>\n<p><span><span style=\"color: #339966;\"><b>\u2713\u00a0<\/b><\/span><b>Stock actualizado.<\/b><\/span><\/p>\n<p><span>Oculta los productos cuando ya no est\u00e9n disponibles.<\/span><\/p>\n<p><span><b><span style=\"color: #339966;\">\u2713<\/span>\u00a0Informa de los men\u00fas y los suplementos.<\/b><\/span><\/p>\n<p><span>Muestra los platos de un men\u00fa, indica si hay cambios de precios. Muestra la opci\u00f3n de los ingredientes y complementos extra y sus suplementos de precios.<\/span><\/p>\n<p>&nbsp;<\/p>\n<\/div>\n<\/div>\n<\/div>\n<\/div>\n<\/div>\n<div id=\"pgc-40548-5-1\" class=\"panel-grid-cell\">\n<div id=\"panel-40548-5-1-0\" class=\"so-panel widget widget_sow-image panel-first-child panel-last-child\" data-index=\"10\">\n<div class=\"panel-widget-style panel-widget-style-for-40548-5-1-0\">\n<div class=\"so-widget-sow-image so-widget-sow-image-default-8b5b6f678277-40548\">\n<div class=\"sow-image-container\"><\/div>\n<\/div>\n<\/div>\n<\/div>\n<\/div>\n<\/div>\n<\/div>\n<div id=\"pg-40548-6\" class=\"panel-grid panel-has-style\">\n<div class=\"panel-row-style panel-row-style-for-40548-6\">\n<div id=\"pgc-40548-6-0\" class=\"panel-grid-cell\">\n<div id=\"panel-40548-6-0-0\" class=\"so-panel widget widget_sow-headline panel-first-child panel-last-child\" data-index=\"11\">\n<div class=\"so-widget-sow-headline so-widget-sow-headline-default-2d52427c4039-40548\">\n<div class=\"sow-headline-container \"><\/div>\n<\/div>\n<\/div>\n<\/div>\n<\/div>\n<\/div>\n<p>[\/et_pb_text][\/et_pb_column][et_pb_column type=\u00bb1_2&#8243; _builder_version=\u00bb4.27.4&#8243; _module_preset=\u00bbdefault\u00bb global_colors_info=\u00bb{}\u00bb][et_pb_image src=\u00bbhttp:\/\/atakama.es\/hosteleria\/wp-content\/uploads\/2025\/03\/iconosWallpapers-19.avif\u00bb title_text=\u00bbiconosWallpapers-19&#8243; align=\u00bbcenter\u00bb _builder_version=\u00bb4.27.4&#8243; _module_preset=\u00bbdefault\u00bb max_width=\u00bb100%\u00bb height=\u00bb619px\u00bb hover_enabled=\u00bb0&#8243; global_colors_info=\u00bb{}\u00bb height_last_edited=\u00bbon|phone\u00bb sticky_enabled=\u00bb0&#8243; height_phone=\u00bb249px\u00bb height_tablet=\u00bb619px\u00bb][\/et_pb_image][\/et_pb_column][\/et_pb_row][et_pb_row _builder_version=\u00bb4.27.4&#8243; _module_preset=\u00bbdefault\u00bb max_width=\u00bb1600px\u00bb global_colors_info=\u00bb{}\u00bb][et_pb_column type=\u00bb4_4&#8243; _builder_version=\u00bb4.27.4&#8243; _module_preset=\u00bbdefault\u00bb global_colors_info=\u00bb{}\u00bb][et_pb_text _builder_version=\u00bb4.27.4&#8243; _module_preset=\u00bbdefault\u00bb header_2_text_color=\u00bb#179B00&#8243; header_2_font_size=\u00bb37px\u00bb custom_margin=\u00bb||23px|||\u00bb global_colors_info=\u00bb{}\u00bb]<\/p>\n<h2><span>Higiene y seguridad en todo momento.<\/span><\/h2>\n<p>[\/et_pb_text][\/et_pb_column][\/et_pb_row][et_pb_row column_structure=\u00bb1_2,1_2&#8243; _builder_version=\u00bb4.27.4&#8243; _module_preset=\u00bbdefault\u00bb max_width=\u00bb1600px\u00bb locked=\u00bboff\u00bb global_colors_info=\u00bb{}\u00bb][et_pb_column type=\u00bb1_2&#8243; _builder_version=\u00bb4.27.4&#8243; _module_preset=\u00bbdefault\u00bb global_colors_info=\u00bb{}\u00bb][et_pb_image src=\u00bbhttp:\/\/atakama.es\/hosteleria\/wp-content\/uploads\/2025\/03\/reservas-5-modulo.avif\u00bb title_text=\u00bbreservas-5-modulo\u00bb align=\u00bbcenter\u00bb _builder_version=\u00bb4.27.4&#8243; _module_preset=\u00bbdefault\u00bb width=\u00bb49%\u00bb global_colors_info=\u00bb{}\u00bb][\/et_pb_image][\/et_pb_column][et_pb_column type=\u00bb1_2&#8243; _builder_version=\u00bb4.27.4&#8243; _module_preset=\u00bbdefault\u00bb global_colors_info=\u00bb{}\u00bb][et_pb_text _builder_version=\u00bb4.27.4&#8243; _module_preset=\u00bbdefault\u00bb text_text_color=\u00bb#0a0a0a\u00bb text_font_size=\u00bb26px\u00bb text_line_height=\u00bb1.4em\u00bb global_colors_info=\u00bb{}\u00bb]<\/p>\n<p><span><b><span style=\"color: #339966;\">\u2713\u00a0<\/span>Aumenta la higiene.<\/b><\/span><\/p>\n<p><span><b>La carta es uno de los elementos que m\u00e1s se comparte entre clientes y camareros. Evita contactos.<\/b><b><\/b><\/span><\/p>\n<p><span><b><span style=\"color: #339966;\">\u2713<\/span>\u00a0Informaci\u00f3n de al\u00e9rgenos, veganos o cel\u00edacos.<\/b><\/span><\/p>\n<p><span>Cumple con la normativa e incluye la informaci\u00f3n de al\u00e9rgenos o si es un plato vegano o especial para cel\u00edacos.<\/span><\/p>\n<p>[\/et_pb_text][\/et_pb_column][\/et_pb_row][\/et_pb_section][et_pb_section fb_built=\u00bb1&#8243; _builder_version=\u00bb4.27.4&#8243; _module_preset=\u00bbdefault\u00bb background_color=\u00bb#DFF5E8&#8243; global_colors_info=\u00bb{}\u00bb][et_pb_row _builder_version=\u00bb4.27.4&#8243; _module_preset=\u00bbdefault\u00bb max_width=\u00bb1600px\u00bb global_colors_info=\u00bb{}\u00bb custom_margin=\u00bb-30px|auto||auto||\u00bb][et_pb_column type=\u00bb4_4&#8243; _builder_version=\u00bb4.27.4&#8243; _module_preset=\u00bbdefault\u00bb global_colors_info=\u00bb{}\u00bb][et_pb_text _builder_version=\u00bb4.27.4&#8243; _module_preset=\u00bbdefault\u00bb text_text_color=\u00bb#0c0c0c\u00bb text_font_size=\u00bb64px\u00bb hover_enabled=\u00bb0&#8243; global_colors_info=\u00bb{}\u00bb text_font_size_last_edited=\u00bbon|phone\u00bb text_font_size_phone=\u00bb38px\u00bb text_line_height_last_edited=\u00bbon|phone\u00bb text_line_height_phone=\u00bb1.1em\u00bb sticky_enabled=\u00bb0&#8243; text_font_size_tablet=\u00bb64px\u00bb]<\/p>\n<p style=\"text-align: center;\"><span>Tambi\u00e9n pueden interesarte estas herramientas.<\/span><\/p>\n<p>[\/et_pb_text][\/et_pb_column][\/et_pb_row][et_pb_row column_structure=\u00bb1_2,1_2&#8243; _builder_version=\u00bb4.27.4&#8243; _module_preset=\u00bbdefault\u00bb max_width=\u00bb1600px\u00bb custom_padding=\u00bb15px|||||\u00bb locked=\u00bboff\u00bb global_colors_info=\u00bb{}\u00bb][et_pb_column type=\u00bb1_2&#8243; _builder_version=\u00bb4.27.4&#8243; _module_preset=\u00bbdefault\u00bb global_colors_info=\u00bb{}\u00bb][et_pb_text _builder_version=\u00bb4.27.4&#8243; _module_preset=\u00bbdefault\u00bb header_2_text_color=\u00bb#179B00&#8243; header_2_font_size=\u00bb29px\u00bb custom_margin=\u00bb||23px|||\u00bb locked=\u00bboff\u00bb global_colors_info=\u00bb{}\u00bb]<\/p>\n<h2><strong><span>Mejora la experiencia de tus clientes con Pide y Paga.<\/span><\/strong><\/h2>\n<p>[\/et_pb_text][et_pb_text _builder_version=\u00bb4.27.4&#8243; _module_preset=\u00bbdefault\u00bb text_font_size=\u00bb28px\u00bb text_line_height=\u00bb1.5em\u00bb global_colors_info=\u00bb{}\u00bb]<\/p>\n<p><span>Ofrece a tus clientes la posibilidad de\u00a0<strong>pedir y pagar desde la carta digital<\/strong>.<\/span><\/p>\n<p><span>Evita el problema de la falta de empleados y mejora la experiencia del cliente que no tiene que esperar. Aumenta la rotaci\u00f3n de mesas y el ticket medio.<\/span><\/p>\n<p>[\/et_pb_text][et_pb_button button_text=\u00bbPIDE Y PAGA\u00bb _builder_version=\u00bb4.27.4&#8243; _module_preset=\u00bbdefault\u00bb custom_button=\u00bbon\u00bb button_text_color=\u00bb#DFF5E8&#8243; button_bg_color=\u00bb#179B00&#8243; button_border_radius=\u00bb8px\u00bb global_colors_info=\u00bb{}\u00bb][\/et_pb_button][\/et_pb_column][et_pb_column type=\u00bb1_2&#8243; _builder_version=\u00bb4.27.4&#8243; _module_preset=\u00bbdefault\u00bb global_colors_info=\u00bb{}\u00bb][et_pb_image src=\u00bbhttp:\/\/atakama.es\/hosteleria\/wp-content\/uploads\/2025\/03\/imagenes-04.avif\u00bb title_text=\u00bbimagenes-04&#8243; align=\u00bbcenter\u00bb _builder_version=\u00bb4.27.4&#8243; _module_preset=\u00bbdefault\u00bb width=\u00bb68%\u00bb global_colors_info=\u00bb{}\u00bb][\/et_pb_image][\/et_pb_column][\/et_pb_row][\/et_pb_section][et_pb_section fb_built=\u00bb1&#8243; _builder_version=\u00bb4.27.4&#8243; _module_preset=\u00bbdefault\u00bb global_colors_info=\u00bb{}\u00bb custom_padding=\u00bb||0px|||\u00bb][et_pb_row column_structure=\u00bb1_2,1_2&#8243; _builder_version=\u00bb4.27.4&#8243; _module_preset=\u00bbdefault\u00bb max_width=\u00bb1600px\u00bb custom_padding=\u00bb9px|||||\u00bb locked=\u00bboff\u00bb global_colors_info=\u00bb{}\u00bb][et_pb_column type=\u00bb1_2&#8243; _builder_version=\u00bb4.27.4&#8243; _module_preset=\u00bbdefault\u00bb global_colors_info=\u00bb{}\u00bb][et_pb_image src=\u00bbhttp:\/\/atakama.es\/hosteleria\/wp-content\/uploads\/2025\/03\/iconosWallpapers-17.avif\u00bb title_text=\u00bbiconosWallpapers-17&#8243; align=\u00bbcenter\u00bb _builder_version=\u00bb4.27.4&#8243; _module_preset=\u00bbdefault\u00bb width=\u00bb68%\u00bb custom_margin=\u00bb32px|||||\u00bb hover_enabled=\u00bb0&#8243; global_colors_info=\u00bb{}\u00bb sticky_enabled=\u00bb0&#8243;][\/et_pb_image][\/et_pb_column][et_pb_column type=\u00bb1_2&#8243; _builder_version=\u00bb4.27.4&#8243; _module_preset=\u00bbdefault\u00bb global_colors_info=\u00bb{}\u00bb][et_pb_text _builder_version=\u00bb4.27.4&#8243; _module_preset=\u00bbdefault\u00bb header_2_text_color=\u00bb#179B00&#8243; header_2_font_size=\u00bb29px\u00bb header_2_line_height=\u00bb1.6em\u00bb custom_margin=\u00bb||23px|||\u00bb locked=\u00bboff\u00bb global_colors_info=\u00bb{}\u00bb]<\/p>\n<h2><strong>Agiliza el proceso de pago, sin esperas ni dat\u00e1fonos, solo a trav\u00e9s de un c\u00f3digo QR.<\/strong><\/h2>\n<p>[\/et_pb_text][et_pb_text _builder_version=\u00bb4.27.4&#8243; _module_preset=\u00bbdefault\u00bb text_font_size=\u00bb28px\u00bb text_line_height=\u00bb1.5em\u00bb global_colors_info=\u00bb{}\u00bb]<\/p>\n<p><span>Imprime un c\u00f3digo QR en el ticket o mu\u00e9stralo en la comandera para que tu cliente pueda escanear y pagar. A\u00f1ade Bizum y todos los medios de pagos tradicionales con las mejores comisiones del mercado.<\/span><\/p>\n<p><span><strong>No hagas esperar al cliente, ahorra tiempo y desplazamientos y aumenta la rotaci\u00f3n de las mesas.<\/strong><\/span><\/p>\n<p>[\/et_pb_text][et_pb_button button_text=\u00bbPAGOS QR\u00bb _builder_version=\u00bb4.27.4&#8243; _module_preset=\u00bbdefault\u00bb custom_button=\u00bbon\u00bb button_text_color=\u00bb#DFF5E8&#8243; button_bg_color=\u00bb#179B00&#8243; button_border_radius=\u00bb8px\u00bb global_colors_info=\u00bb{}\u00bb][\/et_pb_button][\/et_pb_column][\/et_pb_row][\/et_pb_section]<\/p>\n","protected":false},"excerpt":{"rendered":"<p>Cartas Digitales para RestaurantesCrea una carta digital enlazada con el sistema de caja y cocina. Una herramienta para aumentar las ventas y mejorar la experiencia de tus clientes.No cometas el error de usar un fichero de texto o pdf en el cual el cliente no puede interactuar.\u00bbYa no hace falta que tu camarero sepa vender [&hellip;]<\/p>\n","protected":false},"author":1,"featured_media":0,"parent":0,"menu_order":0,"comment_status":"closed","ping_status":"closed","template":"","meta":{"_et_pb_use_builder":"on","_et_pb_old_content":"","_et_gb_content_width":"","footnotes":""},"class_list":["post-4423","page","type-page","status-publish","hentry"],"_links":{"self":[{"href":"https:\/\/atakama.es\/hosteleria\/wp-json\/wp\/v2\/pages\/4423","targetHints":{"allow":["GET"]}}],"collection":[{"href":"https:\/\/atakama.es\/hosteleria\/wp-json\/wp\/v2\/pages"}],"about":[{"href":"https:\/\/atakama.es\/hosteleria\/wp-json\/wp\/v2\/types\/page"}],"author":[{"embeddable":true,"href":"https:\/\/atakama.es\/hosteleria\/wp-json\/wp\/v2\/users\/1"}],"replies":[{"embeddable":true,"href":"https:\/\/atakama.es\/hosteleria\/wp-json\/wp\/v2\/comments?post=4423"}],"version-history":[{"count":12,"href":"https:\/\/atakama.es\/hosteleria\/wp-json\/wp\/v2\/pages\/4423\/revisions"}],"predecessor-version":[{"id":4538,"href":"https:\/\/atakama.es\/hosteleria\/wp-json\/wp\/v2\/pages\/4423\/revisions\/4538"}],"wp:attachment":[{"href":"https:\/\/atakama.es\/hosteleria\/wp-json\/wp\/v2\/media?parent=4423"}],"curies":[{"name":"wp","href":"https:\/\/api.w.org\/{rel}","templated":true}]}}