{"id":3790,"date":"2025-02-12T17:22:43","date_gmt":"2025-02-12T17:22:43","guid":{"rendered":"https:\/\/atakama.es\/hosteleria\/?page_id=3790"},"modified":"2025-02-12T19:17:08","modified_gmt":"2025-02-12T19:17:08","slug":"easy-pos","status":"publish","type":"page","link":"https:\/\/atakama.es\/hosteleria\/easy-pos\/","title":{"rendered":"easy pos"},"content":{"rendered":"<p>[et_pb_section fb_built=\u00bb1&#8243; _builder_version=\u00bb4.27.4&#8243; _module_preset=\u00bbdefault\u00bb custom_padding=\u00bb||7px|||\u00bb global_colors_info=\u00bb{}\u00bb][et_pb_row column_structure=\u00bb1_2,1_2&#8243; _builder_version=\u00bb4.27.4&#8243; _module_preset=\u00bbdefault\u00bb max_width=\u00bb1600px\u00bb locked=\u00bboff\u00bb global_colors_info=\u00bb{}\u00bb][et_pb_column type=\u00bb1_2&#8243; _builder_version=\u00bb4.27.4&#8243; _module_preset=\u00bbdefault\u00bb global_colors_info=\u00bb{}\u00bb][et_pb_text content_tablet=\u00bb<\/p>\n<h1 style=%22text-align: center;%22><span>EASY PO<\/span><span>S<\/span><\/h1>\n<p>\u00bb content_phone=\u00bb<\/p>\n<h1 style=%22text-align: center;%22><span>EASY PO<\/span><span>S<\/span><\/h1>\n<p>\u00bb content_last_edited=\u00bbon|phone\u00bb _builder_version=\u00bb4.27.4&#8243; _module_preset=\u00bbdefault\u00bb text_text_color=\u00bb#2bba68&#8243; text_font_size=\u00bb54px\u00bb header_font=\u00bb|600|||||||\u00bb header_text_color=\u00bb#3755dd\u00bb header_font_size=\u00bb59px\u00bb custom_margin=\u00bb40px||10px|||\u00bb hover_enabled=\u00bb0&#8243; locked=\u00bboff\u00bb global_colors_info=\u00bb{}\u00bb sticky_enabled=\u00bb0&#8243;]<\/p>\n<h1 style=\"text-align: center;\"><span data-metadata=\"&lt;!--(figmeta)eyJmaWxlS2V5IjoibW5XMUl0UUhEQWRLbnc4dUZQc2VVRyIsInBhc3RlSUQiOjEyNDM1NDU1MTUsImRhdGFUeXBlIjoic2NlbmUifQo=(\/figmeta)--&gt;\"><\/span><span>EASY PO<\/span><span>S<br \/><\/span><\/h1>\n<p>[\/et_pb_text][et_pb_text _builder_version=\u00bb4.27.4&#8243; _module_preset=\u00bbdefault\u00bb header_2_font_size=\u00bb55px\u00bb hover_enabled=\u00bb0&#8243; sticky_enabled=\u00bb0&#8243; header_2_text_color=\u00bb#3755dd\u00bb content_last_edited=\u00bbon|desktop\u00bb header_2_font_size_last_edited=\u00bbon|phone\u00bb header_2_font_size_phone=\u00bb41px\u00bb content_tablet=\u00bb<\/p>\n<h2 style=%22text-align: center;%22><span>Tpv econ\u00f3mico de Hosteler\u00eda<\/span><\/h2>\n<p>\u00bb content_phone=\u00bb<\/p>\n<h2 style=%22text-align: center;%22><span>Tpv econ\u00f3mico de Hosteler\u00eda<\/span><\/h2>\n<p>\u00bb header_2_font_size_tablet=\u00bb55px\u00bb]<\/p>\n<h2 style=\"text-align: center;\"><span>Tpv econ\u00f3mico de Hosteler\u00eda<\/span><\/h2>\n<p>[\/et_pb_text][et_pb_text content_tablet=\u00bb<\/p>\n<p style=%22text-align: center;%22><span data-metadata=%22&lt;!--(figmeta)eyJmaWxlS2V5IjoibW5XMUl0UUhEQWRLbnc4dUZQc2VVRyIsInBhc3RlSUQiOjE5MjM3MjM4MjYsImRhdGFUeXBlIjoic2NlbmUifQo=(\/figmeta)--&gt;%22><\/span><span>Aplicaci\u00f3n TPV para Hosteler\u00eda en Android MULTIPLATAFORMA<\/span><\/p>\n<p>\u00bb content_phone=\u00bb<\/p>\n<p style=%22text-align: center;%22><span data-metadata=%22&lt;!--(figmeta)eyJmaWxlS2V5IjoibW5XMUl0UUhEQWRLbnc4dUZQc2VVRyIsInBhc3RlSUQiOjE5MjM3MjM4MjYsImRhdGFUeXBlIjoic2NlbmUifQo=(\/figmeta)--&gt;%22><\/span><span>Aplicaci\u00f3n TPV para Hosteler\u00eda en Android MULTIPLATAFORMA<\/span><\/p>\n<p>\u00bb content_last_edited=\u00bbon|phone\u00bb _builder_version=\u00bb4.27.4&#8243; _module_preset=\u00bbdefault\u00bb text_font_size=\u00bb37px\u00bb text_line_height=\u00bb1.6em\u00bb custom_margin=\u00bb12px||9px|||\u00bb custom_padding=\u00bb||17px|||\u00bb hover_enabled=\u00bb0&#8243; locked=\u00bboff\u00bb global_colors_info=\u00bb{}\u00bb sticky_enabled=\u00bb0&#8243;]<\/p>\n<p style=\"text-align: center;\"><span data-metadata=\"&lt;!--(figmeta)eyJmaWxlS2V5IjoibW5XMUl0UUhEQWRLbnc4dUZQc2VVRyIsInBhc3RlSUQiOjE5MjM3MjM4MjYsImRhdGFUeXBlIjoic2NlbmUifQo=(\/figmeta)--&gt;\"><\/span><span>Aplicaci\u00f3n TPV para Hosteler\u00eda en Android MULTIPLATAFORMA<\/span><\/p>\n<p>[\/et_pb_text][\/et_pb_column][et_pb_column type=\u00bb1_2&#8243; _builder_version=\u00bb4.27.4&#8243; _module_preset=\u00bbdefault\u00bb global_colors_info=\u00bb{}\u00bb][et_pb_image src=\u00bbhttp:\/\/atakama.es\/hosteleria\/wp-content\/uploads\/2025\/02\/easy.avif\u00bb title_text=\u00bbeasy\u00bb _builder_version=\u00bb4.27.4&#8243; _module_preset=\u00bbdefault\u00bb hover_enabled=\u00bb0&#8243; global_colors_info=\u00bb{}\u00bb sticky_enabled=\u00bb0&#8243;][\/et_pb_image][\/et_pb_column][\/et_pb_row][\/et_pb_section][et_pb_section fb_built=\u00bb1&#8243; _builder_version=\u00bb4.27.4&#8243; _module_preset=\u00bbdefault\u00bb background_color=\u00bb#FFFFFF\u00bb custom_padding=\u00bb1px||5px|||\u00bb hover_enabled=\u00bb0&#8243; global_colors_info=\u00bb{}\u00bb disabled_on=\u00bbon|on|off\u00bb sticky_enabled=\u00bb0&#8243;][et_pb_row column_structure=\u00bb1_2,1_2&#8243; use_custom_gutter=\u00bbon\u00bb gutter_width=\u00bb1&#8243; make_equal=\u00bbon\u00bb _builder_version=\u00bb4.27.4&#8243; _module_preset=\u00bbdefault\u00bb max_width=\u00bb1600px\u00bb min_height=\u00bb427.6px\u00bb custom_padding=\u00bb2px||0px|||\u00bb global_colors_info=\u00bb{}\u00bb][et_pb_column type=\u00bb1_2&#8243; _builder_version=\u00bb4.27.4&#8243; _module_preset=\u00bbdefault\u00bb background_color=\u00bb#a1afdd\u00bb custom_padding=\u00bb30px|20px|30px|20px|false|false\u00bb border_radii=\u00bboff|10px|||\u00bb global_colors_info=\u00bb{}\u00bb][et_pb_text _builder_version=\u00bb4.27.4&#8243; _module_preset=\u00bbdefault\u00bb text_text_color=\u00bb#FFFFFF\u00bb text_font_size=\u00bb30px\u00bb global_colors_info=\u00bb{}\u00bb]<\/p>\n<p>Art\u00edculos compuestos (escandallos)<\/p>\n<p>Control de accesos de empleados por permisos<\/p>\n<p>M\u00faltiples opciones de configuraci\u00f3n en la forma de imprimir comandas por cocina.<\/p>\n<p>Combinaci\u00f3n de art\u00edculos, ej. DYC + CocaCola<\/p>\n<p>Multitarifa: por zona, por cliente o selecci\u00f3n manual<\/p>\n<p>Compatible con Pantalla de Cocina Windows y Pantalla de Cocina Android.<\/p>\n<p>[\/et_pb_text][\/et_pb_column][et_pb_column type=\u00bb1_2&#8243; _builder_version=\u00bb4.27.4&#8243; _module_preset=\u00bbdefault\u00bb background_color=\u00bb#EEEFEF\u00bb custom_padding=\u00bb30px|20px|30px|20px|false|false\u00bb border_radii=\u00bboff||10px||\u00bb global_colors_info=\u00bb{}\u00bb][et_pb_text _builder_version=\u00bb4.27.4&#8243; _module_preset=\u00bbdefault\u00bb text_text_color=\u00bb#8797DE\u00bb text_font_size=\u00bb30px\u00bb global_colors_info=\u00bb{}\u00bb]<\/p>\n<p>Fracciones de art\u00edculos: tapas, medias, etc<\/p>\n<p>Gesti\u00f3n de clientes y sus deudas<\/p>\n<p>Emisi\u00f3n de facturas simplificadas y completas<\/p>\n<p>Familias y subfamilias de art\u00edculos<\/p>\n<p>Cuentas parciales, traspaso de mesas<\/p>\n<p>Informes<\/p>\n<p>Gesti\u00f3n de reservas<\/p>\n<p>[\/et_pb_text][\/et_pb_column][\/et_pb_row][et_pb_row column_structure=\u00bb1_2,1_2&#8243; use_custom_gutter=\u00bbon\u00bb gutter_width=\u00bb1&#8243; make_equal=\u00bbon\u00bb _builder_version=\u00bb4.27.4&#8243; _module_preset=\u00bbdefault\u00bb max_width=\u00bb1600px\u00bb custom_padding=\u00bb0px|||||\u00bb global_colors_info=\u00bb{}\u00bb][et_pb_column type=\u00bb1_2&#8243; _builder_version=\u00bb4.27.4&#8243; _module_preset=\u00bbdefault\u00bb background_color=\u00bb#EEEFEF\u00bb custom_padding=\u00bb30px|20px|30px|20px|false|false\u00bb border_radii=\u00bboff||||10px\u00bb global_colors_info=\u00bb{}\u00bb][et_pb_text _builder_version=\u00bb4.27.4&#8243; _module_preset=\u00bbdefault\u00bb text_text_color=\u00bb#8797DE\u00bb text_font_size=\u00bb30px\u00bb text_line_height=\u00bb1.9em\u00bb global_colors_info=\u00bb{}\u00bb]<\/p>\n<p>CONECTIVIDAD<\/p>\n<p>Permite la conexi\u00f3n de varios equipos en red trabajando sobre la misma base de datos, incluso puede combinarse con equipos bajo Android que funcionen con el software Easy POS Android y equipos con la aplicaci\u00f3n EASY POS Windows.<br \/>Lectores de C\u00f3digos de Barras<br \/>Visores Cliente<br \/>Lectores de C\u00f3digos de Barras<\/p>\n<p>[\/et_pb_text][\/et_pb_column][et_pb_column type=\u00bb1_2&#8243; _builder_version=\u00bb4.27.4&#8243; _module_preset=\u00bbdefault\u00bb background_color=\u00bb#a4afdd\u00bb custom_padding=\u00bb30px|20px|30px|20px|false|false\u00bb border_radii=\u00bboff|||10px|\u00bb global_colors_info=\u00bb{}\u00bb][et_pb_text _builder_version=\u00bb4.27.4&#8243; _module_preset=\u00bbdefault\u00bb text_text_color=\u00bb#EEEFEF\u00bb text_font_size=\u00bb30px\u00bb global_colors_info=\u00bb{}\u00bb]<\/p>\n<p>&nbsp;<\/p>\n<p>Visores Cliente<\/p>\n<p>Lectores de huellas<\/p>\n<p>Comanderos<\/p>\n<p>Impresoras auxiliares<\/p>\n<p>Balanzas<\/p>\n<p>M\u00f3dulo Informes Web<\/p>\n<p>Sinqro (Gesti\u00f3n de Reservas y Pedidos)<\/p>\n<p>Covermanager (Gesti\u00f3n de Reservas)<\/p>\n<p>G-Stock (Control de Stock)<\/p>\n<p>SendPulse (Mail Marketing)<\/p>\n<p>[\/et_pb_text][\/et_pb_column][\/et_pb_row][\/et_pb_section][et_pb_section fb_built=\u00bb1&#8243; _builder_version=\u00bb4.27.4&#8243; _module_preset=\u00bbdefault\u00bb background_color=\u00bb#FFFFFF\u00bb custom_padding=\u00bb1px||5px|||\u00bb hover_enabled=\u00bb0&#8243; global_colors_info=\u00bb{}\u00bb disabled_on=\u00bboff|off|on\u00bb sticky_enabled=\u00bb0&#8243;][et_pb_row column_structure=\u00bb1_2,1_2&#8243; use_custom_gutter=\u00bbon\u00bb gutter_width=\u00bb1&#8243; make_equal=\u00bbon\u00bb _builder_version=\u00bb4.27.4&#8243; _module_preset=\u00bbdefault\u00bb max_width=\u00bb1600px\u00bb min_height=\u00bb427.6px\u00bb custom_padding=\u00bb2px||0px|||\u00bb hover_enabled=\u00bb0&#8243; global_colors_info=\u00bb{}\u00bb sticky_enabled=\u00bb0&#8243; width=\u00bb95%\u00bb width_last_edited=\u00bbon|tablet\u00bb width_tablet=\u00bb95%\u00bb width_phone=\u00bb95%\u00bb][et_pb_column type=\u00bb1_2&#8243; _builder_version=\u00bb4.27.4&#8243; _module_preset=\u00bbdefault\u00bb background_color=\u00bb#a1afdd\u00bb custom_padding=\u00bb30px|20px|30px|20px|false|false\u00bb hover_enabled=\u00bb0&#8243; border_radii=\u00bboff|10px|10px||\u00bb global_colors_info=\u00bb{}\u00bb sticky_enabled=\u00bb0&#8243;][et_pb_text _builder_version=\u00bb4.27.4&#8243; _module_preset=\u00bbdefault\u00bb text_text_color=\u00bb#FFFFFF\u00bb text_font_size=\u00bb30px\u00bb global_colors_info=\u00bb{}\u00bb]<\/p>\n<p>Art\u00edculos compuestos (escandallos)<\/p>\n<p>Control de accesos de empleados por permisos<\/p>\n<p>M\u00faltiples opciones de configuraci\u00f3n en la forma de imprimir comandas por cocina.<\/p>\n<p>Combinaci\u00f3n de art\u00edculos, ej. DYC + CocaCola<\/p>\n<p>Multitarifa: por zona, por cliente o selecci\u00f3n manual<\/p>\n<p>Compatible con Pantalla de Cocina Windows y Pantalla de Cocina Android.<\/p>\n<p>[\/et_pb_text][\/et_pb_column][et_pb_column type=\u00bb1_2&#8243; _builder_version=\u00bb4.27.4&#8243; _module_preset=\u00bbdefault\u00bb background_color=\u00bb#EEEFEF\u00bb custom_padding=\u00bb30px|20px|30px|20px|false|false\u00bb border_radii=\u00bboff||10px||\u00bb global_colors_info=\u00bb{}\u00bb][et_pb_text _builder_version=\u00bb4.27.4&#8243; _module_preset=\u00bbdefault\u00bb text_text_color=\u00bb#8797DE\u00bb text_font_size=\u00bb30px\u00bb global_colors_info=\u00bb{}\u00bb]<\/p>\n<p>Fracciones de art\u00edculos: tapas, medias, etc<\/p>\n<p>Gesti\u00f3n de clientes y sus deudas<\/p>\n<p>Emisi\u00f3n de facturas simplificadas y completas<\/p>\n<p>Familias y subfamilias de art\u00edculos<\/p>\n<p>Cuentas parciales, traspaso de mesas<\/p>\n<p>Informes<\/p>\n<p>Gesti\u00f3n de reservas<\/p>\n<p>[\/et_pb_text][\/et_pb_column][\/et_pb_row][et_pb_row column_structure=\u00bb1_2,1_2&#8243; use_custom_gutter=\u00bbon\u00bb gutter_width=\u00bb1&#8243; make_equal=\u00bbon\u00bb _builder_version=\u00bb4.27.4&#8243; _module_preset=\u00bbdefault\u00bb max_width=\u00bb1600px\u00bb custom_padding=\u00bb0px|||||\u00bb hover_enabled=\u00bb0&#8243; global_colors_info=\u00bb{}\u00bb sticky_enabled=\u00bb0&#8243; width=\u00bb95%\u00bb][et_pb_column type=\u00bb1_2&#8243; _builder_version=\u00bb4.27.4&#8243; _module_preset=\u00bbdefault\u00bb background_color=\u00bb#a1afdd\u00bb custom_padding=\u00bb30px|20px|30px|20px|false|false\u00bb hover_enabled=\u00bb0&#8243; border_radii=\u00bboff||||\u00bb global_colors_info=\u00bb{}\u00bb sticky_enabled=\u00bb0&#8243;][et_pb_text _builder_version=\u00bb4.27.4&#8243; _module_preset=\u00bbdefault\u00bb text_text_color=\u00bb#EEEFEF\u00bb text_font_size=\u00bb30px\u00bb text_line_height=\u00bb1.9em\u00bb hover_enabled=\u00bb0&#8243; global_colors_info=\u00bb{}\u00bb sticky_enabled=\u00bb0&#8243;]<\/p>\n<p>CONECTIVIDAD<\/p>\n<p>Permite la conexi\u00f3n de varios equipos en red trabajando sobre la misma base de datos, incluso puede combinarse con equipos bajo Android que funcionen con el software Easy POS Android y equipos con la aplicaci\u00f3n EASY POS Windows.<br \/>Lectores de C\u00f3digos de Barras<br \/>Visores Cliente<br \/>Lectores de C\u00f3digos de Barras<\/p>\n<p>[\/et_pb_text][\/et_pb_column][et_pb_column type=\u00bb1_2&#8243; _builder_version=\u00bb4.27.4&#8243; _module_preset=\u00bbdefault\u00bb background_color=\u00bb#EEEFEF\u00bb custom_padding=\u00bb30px|20px|30px|20px|false|false\u00bb hover_enabled=\u00bb0&#8243; border_radii=\u00bboff|||10px|10px\u00bb global_colors_info=\u00bb{}\u00bb sticky_enabled=\u00bb0&#8243;][et_pb_text _builder_version=\u00bb4.27.4&#8243; _module_preset=\u00bbdefault\u00bb text_text_color=\u00bb#8797DE\u00bb text_font_size=\u00bb30px\u00bb hover_enabled=\u00bb0&#8243; global_colors_info=\u00bb{}\u00bb sticky_enabled=\u00bb0&#8243;]<\/p>\n<p>Visores Cliente<\/p>\n<p>Lectores de huellas<\/p>\n<p>Comanderos<\/p>\n<p>Impresoras auxiliares<\/p>\n<p>Balanzas<\/p>\n<p>M\u00f3dulo Informes Web<\/p>\n<p>Sinqro (Gesti\u00f3n de Reservas y Pedidos)<\/p>\n<p>Covermanager (Gesti\u00f3n de Reservas)<\/p>\n<p>G-Stock (Control de Stock)<\/p>\n<p>SendPulse (Mail Marketing)<\/p>\n<p>[\/et_pb_text][\/et_pb_column][\/et_pb_row][\/et_pb_section]<\/p>\n","protected":false},"excerpt":{"rendered":"<p>EASY POSTpv econ\u00f3mico de Hosteler\u00edaAplicaci\u00f3n TPV para Hosteler\u00eda en Android MULTIPLATAFORMAArt\u00edculos compuestos (escandallos) Control de accesos de empleados por permisos M\u00faltiples opciones de configuraci\u00f3n en la forma de imprimir comandas por cocina. Combinaci\u00f3n de art\u00edculos, ej. DYC + CocaCola Multitarifa: por zona, por cliente o selecci\u00f3n manual Compatible con Pantalla de Cocina Windows y Pantalla [&hellip;]<\/p>\n","protected":false},"author":1,"featured_media":0,"parent":0,"menu_order":0,"comment_status":"closed","ping_status":"closed","template":"","meta":{"_et_pb_use_builder":"on","_et_pb_old_content":"","_et_gb_content_width":"","footnotes":""},"class_list":["post-3790","page","type-page","status-publish","hentry"],"_links":{"self":[{"href":"https:\/\/atakama.es\/hosteleria\/wp-json\/wp\/v2\/pages\/3790","targetHints":{"allow":["GET"]}}],"collection":[{"href":"https:\/\/atakama.es\/hosteleria\/wp-json\/wp\/v2\/pages"}],"about":[{"href":"https:\/\/atakama.es\/hosteleria\/wp-json\/wp\/v2\/types\/page"}],"author":[{"embeddable":true,"href":"https:\/\/atakama.es\/hosteleria\/wp-json\/wp\/v2\/users\/1"}],"replies":[{"embeddable":true,"href":"https:\/\/atakama.es\/hosteleria\/wp-json\/wp\/v2\/comments?post=3790"}],"version-history":[{"count":5,"href":"https:\/\/atakama.es\/hosteleria\/wp-json\/wp\/v2\/pages\/3790\/revisions"}],"predecessor-version":[{"id":3804,"href":"https:\/\/atakama.es\/hosteleria\/wp-json\/wp\/v2\/pages\/3790\/revisions\/3804"}],"wp:attachment":[{"href":"https:\/\/atakama.es\/hosteleria\/wp-json\/wp\/v2\/media?parent=3790"}],"curies":[{"name":"wp","href":"https:\/\/api.w.org\/{rel}","templated":true}]}}