{"id":3545,"date":"2025-02-06T11:38:13","date_gmt":"2025-02-06T11:38:13","guid":{"rendered":"https:\/\/atakama.es\/hosteleria\/?page_id=3545"},"modified":"2025-02-07T09:03:08","modified_gmt":"2025-02-07T09:03:08","slug":"qamarero-3","status":"publish","type":"page","link":"https:\/\/atakama.es\/hosteleria\/qamarero-3\/","title":{"rendered":"QAMARERO"},"content":{"rendered":"<p>[et_pb_section fb_built=\u00bb1&#8243; _builder_version=\u00bb4.27.4&#8243; _module_preset=\u00bbdefault\u00bb global_colors_info=\u00bb{}\u00bb][et_pb_row column_structure=\u00bb1_2,1_2&#8243; _builder_version=\u00bb4.27.4&#8243; _module_preset=\u00bbdefault\u00bb width=\u00bb73%\u00bb max_width=\u00bb1920px\u00bb global_colors_info=\u00bb{}\u00bb][et_pb_column type=\u00bb1_2&#8243; _builder_version=\u00bb4.27.4&#8243; _module_preset=\u00bbdefault\u00bb global_colors_info=\u00bb{}\u00bb][et_pb_text _builder_version=\u00bb4.27.4&#8243; _module_preset=\u00bbdefault\u00bb header_text_color=\u00bb#E02B20&#8243; header_font_size=\u00bb99px\u00bb custom_margin=\u00bb||38px|||\u00bb global_colors_info=\u00bb{}\u00bb]<\/p>\n<h1>QAMARERO<\/h1>\n<p>[\/et_pb_text][et_pb_text _builder_version=\u00bb4.27.4&#8243; _module_preset=\u00bbdefault\u00bb header_2_font_size=\u00bb56px\u00bb custom_margin=\u00bb||16px|||\u00bb global_colors_info=\u00bb{}\u00bb]<\/p>\n<h2 class=\"elementor-headline e-animated\"><span class=\"elementor-headline-plain-text elementor-headline-text-wrapper\">Gestiona tu restaurante<\/span><span><br \/><\/span><span class=\"elementor-headline-dynamic-wrapper elementor-headline-text-wrapper\" style=\"color: #ff0000;\"><span class=\"elementor-headline-dynamic-text elementor-headline-text-active\">f\u00e1cilmente<\/span><\/span><\/h2>\n<p>[\/et_pb_text][et_pb_text _builder_version=\u00bb4.27.4&#8243; _module_preset=\u00bbdefault\u00bb text_font_size=\u00bb27px\u00bb text_line_height=\u00bb1.2em\u00bb custom_margin=\u00bb||22px|||\u00bb global_colors_info=\u00bb{}\u00bb]<\/p>\n<p><span>Software todo en uno que cientos de hosteleros utilizan, se adapta a tu negocio ayud\u00e1ndote a ganar m\u00e1s dinero, facilitar tu trabajo y mejorar la experiencia de tus clientes.<\/span><\/p>\n<p>[\/et_pb_text][dsm_button button_one_text=\u00bbSoporte 365&#8243; button_two_text=\u00bbSin permanencia\u00bb _builder_version=\u00bb4.27.4&#8243; _module_preset=\u00bbdefault\u00bb custom_button_one=\u00bbon\u00bb button_one_text_size=\u00bb31px\u00bb button_one_bg_color=\u00bb#FFFFFF\u00bb button_one_border_width=\u00bb4px\u00bb button_one_border_color=\u00bb#E02B20&#8243; button_one_border_radius=\u00bb8px\u00bb button_one_letter_spacing=\u00bb0px\u00bb button_one_icon=\u00bb&#x4e;||divi||400&#8243; button_one_icon_color=\u00bb#E02B20&#8243; button_one_icon_placement=\u00bbleft\u00bb custom_button_two=\u00bbon\u00bb button_two_text_size=\u00bb31px\u00bb button_two_bg_color=\u00bb#FFFFFF\u00bb button_two_border_width=\u00bb4px\u00bb button_two_border_color=\u00bb#E02B20&#8243; button_two_border_radius=\u00bb8px\u00bb button_two_letter_spacing=\u00bb0px\u00bb button_two_icon=\u00bb&#x4e;||divi||400&#8243; button_two_icon_color=\u00bb#E02B20&#8243; button_two_icon_placement=\u00bbleft\u00bb custom_margin=\u00bb||20px|||\u00bb global_colors_info=\u00bb{}\u00bb][\/dsm_button][et_pb_button button_text=\u00bbDEMO GRATIS\u00bb button_alignment=\u00bbleft\u00bb _builder_version=\u00bb4.27.4&#8243; _module_preset=\u00bbdefault\u00bb custom_button=\u00bbon\u00bb button_text_color=\u00bb#FFFFFF\u00bb button_bg_color=\u00bb#E02B20&#8243; button_border_radius=\u00bb10px\u00bb global_colors_info=\u00bb{}\u00bb][\/et_pb_button][\/et_pb_column][et_pb_column type=\u00bb1_2&#8243; _builder_version=\u00bb4.27.4&#8243; _module_preset=\u00bbdefault\u00bb global_colors_info=\u00bb{}\u00bb][et_pb_image src=\u00bbhttp:\/\/atakama.es\/hosteleria\/wp-content\/uploads\/2025\/02\/PORTADA.jpg\u00bb title_text=\u00bbPORTADA\u00bb _builder_version=\u00bb4.27.4&#8243; _module_preset=\u00bbdefault\u00bb global_colors_info=\u00bb{}\u00bb][\/et_pb_image][\/et_pb_column][\/et_pb_row][\/et_pb_section][et_pb_section fb_built=\u00bb1&#8243; _builder_version=\u00bb4.27.4&#8243; _module_preset=\u00bbdefault\u00bb background_color=\u00bb#EEEFEF\u00bb global_colors_info=\u00bb{}\u00bb][et_pb_row _builder_version=\u00bb4.27.4&#8243; _module_preset=\u00bbdefault\u00bb max_width=\u00bb1600px\u00bb global_colors_info=\u00bb{}\u00bb][et_pb_column type=\u00bb4_4&#8243; _builder_version=\u00bb4.27.4&#8243; _module_preset=\u00bbdefault\u00bb global_colors_info=\u00bb{}\u00bb][et_pb_text _builder_version=\u00bb4.27.4&#8243; _module_preset=\u00bbdefault\u00bb text_font_size=\u00bb60px\u00bb header_3_font_size=\u00bb68px\u00bb global_colors_info=\u00bb{}\u00bb]<\/p>\n<h3 class=\"elementor-heading-title elementor-size-default\" id=\"todo-lo-que-tu-restaurante-necesita\">Todo lo que tu restaurante necesita<\/h3>\n<p>[\/et_pb_text][et_pb_text _builder_version=\u00bb4.27.4&#8243; _module_preset=\u00bbdefault\u00bb text_font_size=\u00bb29px\u00bb text_line_height=\u00bb1.5em\u00bb global_colors_info=\u00bb{}\u00bb]<\/p>\n<div class=\"elementor-element elementor-element-62ccf7b2 e-flex e-con-boxed e-con e-child\" data-id=\"62ccf7b2\" data-element_type=\"container\">\n<div class=\"e-con-inner\">\n<div class=\"elementor-element elementor-element-5108982c elementor-widget elementor-widget-text-editor\" data-id=\"5108982c\" data-element_type=\"widget\" data-widget_type=\"text-editor.default\">\n<p>\u00bf<em>Listo para el siguiente nivel<\/em>? Aqu\u00ed es donde marcamos la diferencia. Estas soluciones no son lo que \u00abdeber\u00edas tener\u00bb, son lo que<span>\u00a0<\/span><strong>te hacen ganar m\u00e1s y trabajar menos<\/strong>. Desde IA hasta pedidos digitales, lo que realmente cambia las reglas del juego est\u00e1 aqu\u00ed.<span>\u00a0<\/span><em>Prep\u00e1rate para digitalizar tu negocio<\/em>.<\/p>\n<\/div>\n<\/div>\n<\/div>\n<div class=\"elementor-element elementor-element-78de9c25 e-flex e-con-boxed e-con e-child\" data-id=\"78de9c25\" data-element_type=\"container\">\n<div class=\"e-con-inner\">\n<div class=\"elementor-element elementor-element-2f2fe58 elementor-widget elementor-widget-shortcode\" data-id=\"2f2fe58\" data-element_type=\"widget\" data-widget_type=\"shortcode.default\">\n<div class=\"elementor-shortcode\">\n<div data-elementor-type=\"section\" data-elementor-id=\"1230\" class=\"elementor elementor-1230\" data-elementor-post-type=\"elementor_library\">\n<div class=\"elementor-element elementor-element-2e49572 e-flex e-con-boxed e-con e-parent e-lazyloaded\" data-id=\"2e49572\" data-element_type=\"container\">\n<div class=\"e-con-inner\">\n<div class=\"elementor-element elementor-element-892b5bd e-flex e-con-boxed e-con e-child\" data-id=\"892b5bd\" data-element_type=\"container\">\n<div class=\"e-con-inner\">\n<div class=\"elementor-element elementor-element-83d3da4 e-con-full e-flex e-con e-child\" data-id=\"83d3da4\" data-element_type=\"container\">\n<div class=\"elementor-element elementor-element-7deebee elementor-widget elementor-widget-ucaddon_content_tabs\" data-id=\"7deebee\" data-element_type=\"widget\" data-widget_type=\"ucaddon_content_tabs.default\">\n<div class=\"elementor-widget-container\">\n<div class=\"uc_bold_tabs padding uc-remote-parent r-tabs\" id=\"uc_content_tabs_elementor_7deebee\" data-debug=\"false\" data-editor=\"no\" data-remoteid=\"auto\" data-widgetname=\"Content Tabs\" data-sync=\"true\" data-syncid=\"group10\" data-collapsible=\"false\" data-hash=\"false\" data-hash-scroll=\"off\" data-scroll-to-selected-tab-offset=\"0\" data-scroll-after-selected=\"false\">\n<ul class=\"tabs uc_tab_nav uc-items-wrapper r-tabs-nav\">\n<li class=\"elementor-repeater-item-fd703f2 r-tabs-tab r-tabs-state-active\">\n<div>TPV<\/div>\n<\/li>\n<\/ul>\n<\/div>\n<\/div>\n<\/div>\n<\/div>\n<\/div>\n<\/div>\n<\/div>\n<\/div>\n<\/div>\n<\/div>\n<\/div>\n<\/div>\n<\/div>\n<p>[\/et_pb_text][\/et_pb_column][\/et_pb_row][\/et_pb_section][et_pb_section fb_built=\u00bb1&#8243; _builder_version=\u00bb4.27.4&#8243; _module_preset=\u00bbdefault\u00bb global_colors_info=\u00bb{}\u00bb][et_pb_row _builder_version=\u00bb4.27.4&#8243; _module_preset=\u00bbdefault\u00bb global_colors_info=\u00bb{}\u00bb][et_pb_column type=\u00bb4_4&#8243; _builder_version=\u00bb4.27.4&#8243; _module_preset=\u00bbdefault\u00bb global_colors_info=\u00bb{}\u00bb][et_pb_toggle title=\u00bbTPV PARA HOSTELER\u00cdA\u00bb icon_color=\u00bb#E02B20&#8243; toggle_icon=\u00bb&#x3f;||divi||400&#8243; _builder_version=\u00bb4.27.4&#8243; _module_preset=\u00bbdefault\u00bb title_font_size=\u00bb46px\u00bb body_font_size=\u00bb25px\u00bb background_enable_video_mp4=\u00bboff\u00bb hover_enabled=\u00bb0&#8243; global_colors_info=\u00bb{}\u00bb sticky_enabled=\u00bb0&#8243;]<\/p>\n<div class=\"ue-list-item-content\">\n<p><span class=\"ue-list-item-title\">&#8211; Gestiona pedidos, pagos y facturaci\u00f3n desde un \u00fanico sistema.<\/span><\/p>\n<p>&nbsp;<\/p>\n<\/div>\n<div class=\"ue-list-item-content\">\n<p><span class=\"ue-list-item-title\">&#8211; Integraci\u00f3n total con todas las herramientas para un control completo.<\/span><\/p>\n<p>&nbsp;<\/p>\n<\/div>\n<div class=\"ue-list-item-content\">\n<p><span class=\"ue-list-item-title\">&#8211; Mejora la eficiencia del servicio sin complicaciones adicionales.<\/span><\/p>\n<p>&nbsp;<\/p>\n<p><span class=\"ue-list-item-title\"><\/span><\/p>\n<\/div>\n<p><span style=\"color: #ff0000;\"><a href=\"https:\/\/youtu.be\/hylRVf8OX2I?si=tZt2x2GQFL9yC8KJ\" style=\"color: #ff0000;\" target=\"_blank\" rel=\"noopener\">VER VIDEO<\/a><\/span><\/p>\n<p><span style=\"color: #ff0000;\"><\/span><\/p>\n<p>[\/et_pb_toggle][et_pb_toggle title=\u00bbCOMANDERO DIGITAL\u00bb icon_color=\u00bb#E02B20&#8243; toggle_icon=\u00bb&#x3f;||divi||400&#8243; _builder_version=\u00bb4.27.4&#8243; _module_preset=\u00bbdefault\u00bb title_font_size=\u00bb46px\u00bb body_font_size=\u00bb25px\u00bb background_enable_video_mp4=\u00bboff\u00bb hover_enabled=\u00bb0&#8243; global_colors_info=\u00bb{}\u00bb sticky_enabled=\u00bb0&#8243;]<\/p>\n<div class=\"ue-list-item-content\">\n<p><span class=\"ue-list-item-title\">&#8211; <\/span><span class=\"ue-list-item-title\">Agiliza la gesti\u00f3n de comandas con dispositivos conectados a tu TPV.<\/span><\/p>\n<p>&nbsp;<\/p>\n<\/div>\n<div class=\"ue-list-item-content\">\n<p><span class=\"ue-list-item-title\">&#8211; <\/span><span class=\"ue-list-item-title\">Mejora la coordinaci\u00f3n entre sala y cocina, reduce errores en pedidos y tiempos de espera, y optimiza el servicio.<\/span><\/p>\n<p>&nbsp;<\/p>\n<\/div>\n<div class=\"ue-list-item-content\">\n<p><span class=\"ue-list-item-title\">&#8211; <\/span><span class=\"ue-list-item-title\">Licencias ilimitadas incluidas, usable desde cualquier dispositivo, sin necesidad de invertir en nuevos equipos.<\/span><\/p>\n<p>&nbsp;<\/p>\n<\/div>\n<p><span style=\"color: #ff0000;\"><a href=\"https:\/\/youtu.be\/3FtPo4-Lywg?si=XeHwY4xp3j_TRv-8\" style=\"color: #ff0000;\" target=\"_blank\" rel=\"noopener\">VER VIDEO<\/a><\/span><\/p>\n<p><span style=\"color: #ff0000;\"><\/span><\/p>\n<p>[\/et_pb_toggle][et_pb_toggle title=\u00bbCARTA DIGITAL\u00bb icon_color=\u00bb#E02B20&#8243; toggle_icon=\u00bb&#x3f;||divi||400&#8243; _builder_version=\u00bb4.27.4&#8243; _module_preset=\u00bbdefault\u00bb title_font_size=\u00bb46px\u00bb body_font_size=\u00bb25px\u00bb background_enable_video_mp4=\u00bboff\u00bb hover_enabled=\u00bb0&#8243; global_colors_info=\u00bb{}\u00bb sticky_enabled=\u00bb0&#8243;]<\/p>\n<div class=\"ue-list-item-content\">\n<p><span class=\"ue-list-item-title\">&#8211; <\/span><span class=\"ue-list-item-title\">Men\u00fa interactivo con fotos y videos accesible desde el m\u00f3vil mediante QR.<\/span><\/p>\n<p>&nbsp;<\/p>\n<\/div>\n<div class=\"ue-list-item-content\">\n<p><span class=\"ue-list-item-title\">&#8211; <\/span><span class=\"ue-list-item-title\">Actualiza platos y precios en tiempo real, sin complicaciones.<\/span><\/p>\n<p>&nbsp;<\/p>\n<\/div>\n<div class=\"ue-list-item-content\">\n<p>&#8211; <span class=\"ue-list-item-title\">Mejora la experiencia del cliente y reduce errores en los pedidos<\/span><\/p>\n<p>&nbsp;<\/p>\n<\/div>\n<p><span style=\"color: #ff0000;\"><a href=\"https:\/\/youtu.be\/1Cah1KnAWc8?si=6jCiecY5FasskGYz\" style=\"color: #ff0000;\" target=\"_blank\" rel=\"noopener\">VER VIDEO<\/a><\/span><\/p>\n<p><span style=\"color: #ff0000;\"><\/span><\/p>\n<p>[\/et_pb_toggle][et_pb_toggle title=\u00bbPEDIR Y PAGAR\u00bb icon_color=\u00bb#E02B20&#8243; toggle_icon=\u00bb&#x3f;||divi||400&#8243; _builder_version=\u00bb4.27.4&#8243; _module_preset=\u00bbdefault\u00bb title_font_size=\u00bb46px\u00bb body_font_size=\u00bb25px\u00bb background_enable_video_mp4=\u00bboff\u00bb hover_enabled=\u00bb0&#8243; global_colors_info=\u00bb{}\u00bb sticky_enabled=\u00bb0&#8243;]<\/p>\n<div class=\"ue-list-item-content\">\n<p><span class=\"ue-list-item-title\">&#8211; <\/span><span class=\"ue-list-item-title\">Permite a los clientes pedir y pagar directamente desde su m\u00f3vil mejorando la eficiencia y su experiencia.<\/span><\/p>\n<p>&nbsp;<\/p>\n<\/div>\n<div class=\"ue-list-item-content\">\n<p><span class=\"ue-list-item-title\">&#8211; <\/span><span class=\"ue-list-item-title\">Aumenta la rotaci\u00f3n de mesas facilitando el proceso y reduciendo tiempos de espera.<\/span><\/p>\n<p>&nbsp;<\/p>\n<\/div>\n<div class=\"ue-list-item-content\">\n<p>&#8211; <span class=\"ue-list-item-title\">Ofrece opciones de pago flexibles como prepago, postpago y pagos con tarjeta adaptadas a tu negocio.<\/p>\n<p><\/span><\/p>\n<\/div>\n<p><span style=\"color: #ff0000;\"><a href=\"https:\/\/youtu.be\/6SgVd1MhEMs?si=EqI2-hLCMvrrEJbp\" style=\"color: #ff0000;\" target=\"_blank\" rel=\"noopener\">VER VIDEO<\/a><\/span><\/p>\n<p><span style=\"color: #ff0000;\"><\/span><\/p>\n<p>[\/et_pb_toggle][et_pb_toggle title=\u00bbPEDIDOS ONLINE\u00bb icon_color=\u00bb#E02B20&#8243; toggle_icon=\u00bb&#x3f;||divi||400&#8243; _builder_version=\u00bb4.27.4&#8243; _module_preset=\u00bbdefault\u00bb title_font_size=\u00bb46px\u00bb body_font_size=\u00bb25px\u00bb background_enable_video_mp4=\u00bboff\u00bb hover_enabled=\u00bb0&#8243; global_colors_info=\u00bb{}\u00bb sticky_enabled=\u00bb0&#8243;]<\/p>\n<div class=\"ue-list-item-content\">\n<p><span class=\"ue-list-item-title\">&#8211; <\/span><span class=\"ue-list-item-title\">Gestiona pedidos para llevar y a domicilio sin comisiones de terceros ni intermediarios.<\/p>\n<p><\/span><\/p>\n<\/div>\n<div class=\"ue-list-item-content\">\n<p><span class=\"ue-list-item-title\">&#8211; <\/span><span class=\"ue-list-item-title\">Integra tu carta digital y optimiza la preparaci\u00f3n y entrega para un servicio m\u00e1s \u00e1gil.<br \/><\/span><span style=\"font-size: 25px;\">\u00a0<\/span><\/p>\n<\/div>\n<div class=\"ue-list-item-content\">\n<p>&#8211; <span class=\"ue-list-item-title\">Control total desde tu sistema, mejorando la eficiencia y satisfacci\u00f3n del cliente.<\/span><\/p>\n<p>&nbsp;<\/p>\n<\/div>\n<p><span style=\"color: #ff0000;\"><a href=\"https:\/\/youtu.be\/2Nynq9utcaQ?si=_6My_SjpCYe4qpr2\" style=\"color: #ff0000;\" target=\"_blank\" rel=\"noopener\">VER VIDEO<\/a><\/span><\/p>\n<p><span style=\"color: #ff0000;\"><\/span><\/p>\n<p>[\/et_pb_toggle][et_pb_toggle title=\u00bbKDS (pantallas de cocina)\u00bb icon_color=\u00bb#E02B20&#8243; toggle_icon=\u00bb&#x3f;||divi||400&#8243; _builder_version=\u00bb4.27.4&#8243; _module_preset=\u00bbdefault\u00bb title_font_size=\u00bb46px\u00bb body_font_size=\u00bb25px\u00bb background_enable_video_mp4=\u00bboff\u00bb hover_enabled=\u00bb0&#8243; global_colors_info=\u00bb{}\u00bb sticky_enabled=\u00bb0&#8243;]<\/p>\n<div class=\"ue-list-item-content\">\n<p><span class=\"ue-list-item-title\">&#8211; <\/span><span class=\"ue-list-item-title\">Visualiza pedidos en tiempo real para una gesti\u00f3n de cocina sin interrupciones.<\/p>\n<p><\/span><\/p>\n<\/div>\n<div class=\"ue-list-item-content\">\n<p><span class=\"ue-list-item-title\">&#8211; <\/span><span class=\"ue-list-item-title\">Organiza y prioriza comandas, asegurando precisi\u00f3n y rapidez en cada plato.<\/p>\n<p><\/span><\/p>\n<div class=\"ue-list-item-content\">\n<div class=\"ue-list-item-content\"><span class=\"ue-list-item-title\">\u00a0Reduce errores y tiempos de preparaci\u00f3n, ofreciendo un servicio m\u00e1s eficiente.<\/span><\/div>\n<\/div>\n<\/div>\n<p><span style=\"color: #ff0000;\"><\/span><\/p>\n<p>[\/et_pb_toggle][et_pb_toggle title=\u00bbP\u00c1GINAS WEB\u00bb icon_color=\u00bb#E02B20&#8243; toggle_icon=\u00bb&#x3f;||divi||400&#8243; _builder_version=\u00bb4.27.4&#8243; _module_preset=\u00bbdefault\u00bb title_font_size=\u00bb46px\u00bb body_font_size=\u00bb25px\u00bb background_enable_video_mp4=\u00bboff\u00bb hover_enabled=\u00bb0&#8243; global_colors_info=\u00bb{}\u00bb sticky_enabled=\u00bb0&#8243; locked=\u00bboff\u00bb]<\/p>\n<div class=\"ue-list-item-content\">\n<p><span class=\"ue-list-item-title\">&#8211; <\/span><span class=\"ue-list-item-title\">Aumenta tu visibilidad online y atrae m\u00e1s clientes con una web profesional.<\/span><\/p>\n<p>&nbsp;<\/p>\n<\/div>\n<div class=\"ue-list-item-content\">\n<div class=\"ue-list-item-content\"><span class=\"ue-list-item-title\">&#8211; Mejora la fidelizaci\u00f3n y la experiencia del cliente con acceso a rese\u00f1as y actualizaciones.<\/span><\/div>\n<\/div>\n<p><span style=\"color: #ff0000;\"><\/span><\/p>\n<p>[\/et_pb_toggle][\/et_pb_column][\/et_pb_row][\/et_pb_section]<\/p>\n","protected":false},"excerpt":{"rendered":"<p>QAMAREROGestiona tu restaurantef\u00e1cilmenteSoftware todo en uno que cientos de hosteleros utilizan, se adapta a tu negocio ayud\u00e1ndote a ganar m\u00e1s dinero, facilitar tu trabajo y mejorar la experiencia de tus clientes.<div class=\"et_pb_module dsm_button dsm_button_0 et_pb_bg_layout_light\">\n\t\t\t\t\n\t\t\t\t\n\t\t\t\t\n\t\t\t\t\n\t\t\t\t\n\t\t\t\t\n\t\t\t\t<div class=\"et_pb_module_inner\">\n\t\t\t\t\t<div class=\"et_pb_button_module_wrappers dsm_button_0_wrapper  et_pb_module\">\n\t\t\t\t<a class=\"et_pb_button et_pb_button_one et_pb_bg_layout_light dsm-none \"  href=\"\" data-dsm-lightbox-id=\"dsm_button_one_lightbox dsm_button_0\">\u00bbSoporte<\/a><a class=\"et_pb_button et_pb_button_two et_pb_bg_layout_light dsm-none \"  href=\"\" data-dsm-lightbox-id=\"dsm_button_two_lightbox dsm_button_0\">\u00bbSin<\/a>\n\t\t\t<\/div>\n\t\t\t\t<\/div>\n\t\t\t<\/div><\/p>\n","protected":false},"author":1,"featured_media":0,"parent":0,"menu_order":0,"comment_status":"closed","ping_status":"closed","template":"","meta":{"_et_pb_use_builder":"on","_et_pb_old_content":"","_et_gb_content_width":"","footnotes":""},"class_list":["post-3545","page","type-page","status-publish","hentry"],"_links":{"self":[{"href":"https:\/\/atakama.es\/hosteleria\/wp-json\/wp\/v2\/pages\/3545","targetHints":{"allow":["GET"]}}],"collection":[{"href":"https:\/\/atakama.es\/hosteleria\/wp-json\/wp\/v2\/pages"}],"about":[{"href":"https:\/\/atakama.es\/hosteleria\/wp-json\/wp\/v2\/types\/page"}],"author":[{"embeddable":true,"href":"https:\/\/atakama.es\/hosteleria\/wp-json\/wp\/v2\/users\/1"}],"replies":[{"embeddable":true,"href":"https:\/\/atakama.es\/hosteleria\/wp-json\/wp\/v2\/comments?post=3545"}],"version-history":[{"count":9,"href":"https:\/\/atakama.es\/hosteleria\/wp-json\/wp\/v2\/pages\/3545\/revisions"}],"predecessor-version":[{"id":3563,"href":"https:\/\/atakama.es\/hosteleria\/wp-json\/wp\/v2\/pages\/3545\/revisions\/3563"}],"wp:attachment":[{"href":"https:\/\/atakama.es\/hosteleria\/wp-json\/wp\/v2\/media?parent=3545"}],"curies":[{"name":"wp","href":"https:\/\/api.w.org\/{rel}","templated":true}]}}